{"id":143,"date":"2020-02-04T14:03:58","date_gmt":"2020-02-04T13:03:58","guid":{"rendered":"http:\/\/manaoestudio.com\/?page_id=143"},"modified":"2022-12-13T17:09:51","modified_gmt":"2022-12-13T16:09:51","slug":"obra-c","status":"publish","type":"page","link":"https:\/\/manaoestudio.com\/index.php\/obra-c\/","title":{"rendered":"OBRA L"},"content":{"rendered":"\t\t<div data-elementor-type=\"wp-post\" data-elementor-id=\"143\" class=\"elementor elementor-143\">\n\t\t\t\t\t\t<div class=\"elementor-inner\">\n\t\t\t\t<div class=\"elementor-section-wrap\">\n\t\t\t\t\t\t\t\t\t<section class=\"elementor-section elementor-top-section elementor-element elementor-element-2c43f119 elementor-section-boxed elementor-section-height-default elementor-section-height-default\" data-id=\"2c43f119\" data-element_type=\"section\">\n\t\t\t\t\t\t<div class=\"elementor-container elementor-column-gap-default\">\n\t\t\t\t\t\t\t<div class=\"elementor-row\">\n\t\t\t\t\t<div class=\"elementor-column elementor-col-66 elementor-top-column elementor-element elementor-element-55855f45\" data-id=\"55855f45\" data-element_type=\"column\">\n\t\t\t<div class=\"elementor-column-wrap elementor-element-populated\">\n\t\t\t\t\t\t\t<div class=\"elementor-widget-wrap\">\n\t\t\t\t\t\t<div class=\"elementor-element elementor-element-36b2f2b5 elementor-widget elementor-widget-heading\" data-id=\"36b2f2b5\" data-element_type=\"widget\" data-widget_type=\"heading.default\">\n\t\t\t\t<div class=\"elementor-widget-container\">\n\t\t\t<h2 class=\"elementor-heading-title elementor-size-default\">OBRA L<\/h2>\t\t<\/div>\n\t\t\t\t<\/div>\n\t\t\t\t<div class=\"elementor-element elementor-element-27074847 elementor-widget elementor-widget-text-editor\" data-id=\"27074847\" data-element_type=\"widget\" data-widget_type=\"text-editor.default\">\n\t\t\t\t<div class=\"elementor-widget-container\">\n\t\t\t\t\t\t\t\t<div class=\"elementor-text-editor elementor-clearfix\">\n\t\t\t\t<p class=\"p1\"><span class=\"s1\">En este caso, una obra mediana, la clienta quer\u00eda trasladar su sala (interior) al cuarto del ordenador (patio de manzana), ya que es m\u00e1s grande y tiene m\u00e1s luz. Por otro lado, ten\u00eda una habitaci\u00f3n peque\u00f1a entrando a mano derecha y lo quer\u00eda convertir en Hall. Para todo esto, hemos tirado un tabique, cambiar la instalaci\u00f3n el\u00e9ctrica, pintar y lijar y barnizar el suelo de madera. Se han a\u00f1adido focos en la sala antigua y en el hall y en la sala nueva se han colocado luminarias diferentes. En la sala antigua se ha puesto un armario empotrado a medida y el ordenador con mesa y silla nueva. En el Hall un armario m\u00e1s peque\u00f1o para los abrigos. En la sala nueva, un mueble para la televisi\u00f3n.<\/span><\/p>\t\t\t\t\t<\/div>\n\t\t\t\t\t\t<\/div>\n\t\t\t\t<\/div>\n\t\t\t\t\t\t<\/div>\n\t\t\t\t\t<\/div>\n\t\t<\/div>\n\t\t\t\t<div class=\"elementor-column elementor-col-33 elementor-top-column elementor-element elementor-element-12c356ed\" data-id=\"12c356ed\" data-element_type=\"column\">\n\t\t\t<div class=\"elementor-column-wrap\">\n\t\t\t\t\t\t\t<div class=\"elementor-widget-wrap\">\n\t\t\t\t\t\t\t\t<\/div>\n\t\t\t\t\t<\/div>\n\t\t<\/div>\n\t\t\t\t\t\t\t\t<\/div>\n\t\t\t\t\t<\/div>\n\t\t<\/section>\n\t\t\t\t<section class=\"elementor-section elementor-top-section elementor-element elementor-element-21ab97fb elementor-section-boxed elementor-section-height-default elementor-section-height-default\" data-id=\"21ab97fb\" data-element_type=\"section\">\n\t\t\t\t\t\t<div class=\"elementor-container elementor-column-gap-default\">\n\t\t\t\t\t\t\t<div class=\"elementor-row\">\n\t\t\t\t\t<div class=\"elementor-column elementor-col-100 elementor-top-column elementor-element elementor-element-ae674fc\" data-id=\"ae674fc\" data-element_type=\"column\">\n\t\t\t<div class=\"elementor-column-wrap elementor-element-populated\">\n\t\t\t\t\t\t\t<div class=\"elementor-widget-wrap\">\n\t\t\t\t\t\t<div class=\"elementor-element elementor-element-2b3e8629 gallery-spacing-custom elementor-widget elementor-widget-image-gallery\" data-id=\"2b3e8629\" data-element_type=\"widget\" data-widget_type=\"image-gallery.default\">\n\t\t\t\t<div class=\"elementor-widget-container\">\n\t\t\t\t\t<div class=\"elementor-image-gallery\">\n\t\t\t<div id='gallery-1' class='gallery galleryid-143 gallery-columns-3 gallery-size-medium_large'><figure class='gallery-item'>\n\t\t\t<div class='gallery-icon portrait'>\n\t\t\t\t<a data-elementor-open-lightbox=\"yes\" data-elementor-lightbox-slideshow=\"2b3e8629\" data-elementor-lightbox-title=\"manao_obraC1\" e-action-hash=\"#elementor-action%3Aaction%3Dlightbox%26settings%3DeyJpZCI6MTQ0LCJ1cmwiOiJodHRwczpcL1wvbWFuYW9lc3R1ZGlvLmNvbVwvd3AtY29udGVudFwvdXBsb2Fkc1wvMjAyMFwvMDJcL01HXzc3NTYuanBnIiwic2xpZGVzaG93IjoiMmIzZTg2MjkifQ%3D%3D\" href='https:\/\/manaoestudio.com\/wp-content\/uploads\/2020\/02\/MG_7756.jpg'><img width=\"760\" height=\"1140\" src=\"https:\/\/manaoestudio.com\/wp-content\/uploads\/2020\/02\/MG_7756.jpg\" class=\"attachment-medium_large size-medium_large\" alt=\"\" loading=\"lazy\" srcset=\"https:\/\/manaoestudio.com\/wp-content\/uploads\/2020\/02\/MG_7756.jpg 760w, https:\/\/manaoestudio.com\/wp-content\/uploads\/2020\/02\/MG_7756-200x300.jpg 200w, https:\/\/manaoestudio.com\/wp-content\/uploads\/2020\/02\/MG_7756-683x1024.jpg 683w\" sizes=\"(max-width: 760px) 100vw, 760px\" \/><\/a>\n\t\t\t<\/div><\/figure><figure class='gallery-item'>\n\t\t\t<div class='gallery-icon portrait'>\n\t\t\t\t<a data-elementor-open-lightbox=\"yes\" data-elementor-lightbox-slideshow=\"2b3e8629\" data-elementor-lightbox-title=\"manao_obraC2\" e-action-hash=\"#elementor-action%3Aaction%3Dlightbox%26settings%3DeyJpZCI6MTQ1LCJ1cmwiOiJodHRwczpcL1wvbWFuYW9lc3R1ZGlvLmNvbVwvd3AtY29udGVudFwvdXBsb2Fkc1wvMjAyMFwvMDJcL01HXzc3NTcuanBnIiwic2xpZGVzaG93IjoiMmIzZTg2MjkifQ%3D%3D\" href='https:\/\/manaoestudio.com\/wp-content\/uploads\/2020\/02\/MG_7757.jpg'><img width=\"760\" height=\"1140\" src=\"https:\/\/manaoestudio.com\/wp-content\/uploads\/2020\/02\/MG_7757.jpg\" class=\"attachment-medium_large size-medium_large\" alt=\"\" loading=\"lazy\" srcset=\"https:\/\/manaoestudio.com\/wp-content\/uploads\/2020\/02\/MG_7757.jpg 760w, https:\/\/manaoestudio.com\/wp-content\/uploads\/2020\/02\/MG_7757-200x300.jpg 200w, https:\/\/manaoestudio.com\/wp-content\/uploads\/2020\/02\/MG_7757-683x1024.jpg 683w\" sizes=\"(max-width: 760px) 100vw, 760px\" \/><\/a>\n\t\t\t<\/div><\/figure><figure class='gallery-item'>\n\t\t\t<div class='gallery-icon portrait'>\n\t\t\t\t<a data-elementor-open-lightbox=\"yes\" data-elementor-lightbox-slideshow=\"2b3e8629\" data-elementor-lightbox-title=\"manao_obraC3\" e-action-hash=\"#elementor-action%3Aaction%3Dlightbox%26settings%3DeyJpZCI6MTQ2LCJ1cmwiOiJodHRwczpcL1wvbWFuYW9lc3R1ZGlvLmNvbVwvd3AtY29udGVudFwvdXBsb2Fkc1wvMjAyMFwvMDJcL01HXzc3NzguanBnIiwic2xpZGVzaG93IjoiMmIzZTg2MjkifQ%3D%3D\" href='https:\/\/manaoestudio.com\/wp-content\/uploads\/2020\/02\/MG_7778.jpg'><img width=\"760\" height=\"1140\" src=\"https:\/\/manaoestudio.com\/wp-content\/uploads\/2020\/02\/MG_7778.jpg\" class=\"attachment-medium_large size-medium_large\" alt=\"\" loading=\"lazy\" srcset=\"https:\/\/manaoestudio.com\/wp-content\/uploads\/2020\/02\/MG_7778.jpg 760w, https:\/\/manaoestudio.com\/wp-content\/uploads\/2020\/02\/MG_7778-200x300.jpg 200w, https:\/\/manaoestudio.com\/wp-content\/uploads\/2020\/02\/MG_7778-683x1024.jpg 683w\" sizes=\"(max-width: 760px) 100vw, 760px\" \/><\/a>\n\t\t\t<\/div><\/figure><figure class='gallery-item'>\n\t\t\t<div class='gallery-icon portrait'>\n\t\t\t\t<a data-elementor-open-lightbox=\"yes\" data-elementor-lightbox-slideshow=\"2b3e8629\" data-elementor-lightbox-title=\"manao_obraC4\" e-action-hash=\"#elementor-action%3Aaction%3Dlightbox%26settings%3DeyJpZCI6MTQ3LCJ1cmwiOiJodHRwczpcL1wvbWFuYW9lc3R1ZGlvLmNvbVwvd3AtY29udGVudFwvdXBsb2Fkc1wvMjAyMFwvMDJcL01HXzc3OTUuanBnIiwic2xpZGVzaG93IjoiMmIzZTg2MjkifQ%3D%3D\" href='https:\/\/manaoestudio.com\/wp-content\/uploads\/2020\/02\/MG_7795.jpg'><img width=\"760\" height=\"1140\" src=\"https:\/\/manaoestudio.com\/wp-content\/uploads\/2020\/02\/MG_7795.jpg\" class=\"attachment-medium_large size-medium_large\" alt=\"\" loading=\"lazy\" srcset=\"https:\/\/manaoestudio.com\/wp-content\/uploads\/2020\/02\/MG_7795.jpg 760w, https:\/\/manaoestudio.com\/wp-content\/uploads\/2020\/02\/MG_7795-200x300.jpg 200w, https:\/\/manaoestudio.com\/wp-content\/uploads\/2020\/02\/MG_7795-683x1024.jpg 683w\" sizes=\"(max-width: 760px) 100vw, 760px\" \/><\/a>\n\t\t\t<\/div><\/figure><figure class='gallery-item'>\n\t\t\t<div class='gallery-icon portrait'>\n\t\t\t\t<a data-elementor-open-lightbox=\"yes\" data-elementor-lightbox-slideshow=\"2b3e8629\" data-elementor-lightbox-title=\"manao_obraC5\" e-action-hash=\"#elementor-action%3Aaction%3Dlightbox%26settings%3DeyJpZCI6MTQ4LCJ1cmwiOiJodHRwczpcL1wvbWFuYW9lc3R1ZGlvLmNvbVwvd3AtY29udGVudFwvdXBsb2Fkc1wvMjAyMFwvMDJcL01HXzc4MzAuanBnIiwic2xpZGVzaG93IjoiMmIzZTg2MjkifQ%3D%3D\" href='https:\/\/manaoestudio.com\/wp-content\/uploads\/2020\/02\/MG_7830.jpg'><img width=\"760\" height=\"1140\" src=\"https:\/\/manaoestudio.com\/wp-content\/uploads\/2020\/02\/MG_7830.jpg\" class=\"attachment-medium_large size-medium_large\" alt=\"\" loading=\"lazy\" srcset=\"https:\/\/manaoestudio.com\/wp-content\/uploads\/2020\/02\/MG_7830.jpg 760w, https:\/\/manaoestudio.com\/wp-content\/uploads\/2020\/02\/MG_7830-200x300.jpg 200w, https:\/\/manaoestudio.com\/wp-content\/uploads\/2020\/02\/MG_7830-683x1024.jpg 683w\" sizes=\"(max-width: 760px) 100vw, 760px\" \/><\/a>\n\t\t\t<\/div><\/figure><figure class='gallery-item'>\n\t\t\t<div class='gallery-icon portrait'>\n\t\t\t\t<a data-elementor-open-lightbox=\"yes\" data-elementor-lightbox-slideshow=\"2b3e8629\" data-elementor-lightbox-title=\"manao_obraC6\" e-action-hash=\"#elementor-action%3Aaction%3Dlightbox%26settings%3DeyJpZCI6MTQ5LCJ1cmwiOiJodHRwczpcL1wvbWFuYW9lc3R1ZGlvLmNvbVwvd3AtY29udGVudFwvdXBsb2Fkc1wvMjAyMFwvMDJcL01HXzc5MzUuanBnIiwic2xpZGVzaG93IjoiMmIzZTg2MjkifQ%3D%3D\" href='https:\/\/manaoestudio.com\/wp-content\/uploads\/2020\/02\/MG_7935.jpg'><img width=\"760\" height=\"1140\" src=\"https:\/\/manaoestudio.com\/wp-content\/uploads\/2020\/02\/MG_7935.jpg\" class=\"attachment-medium_large size-medium_large\" alt=\"\" loading=\"lazy\" srcset=\"https:\/\/manaoestudio.com\/wp-content\/uploads\/2020\/02\/MG_7935.jpg 760w, https:\/\/manaoestudio.com\/wp-content\/uploads\/2020\/02\/MG_7935-200x300.jpg 200w, https:\/\/manaoestudio.com\/wp-content\/uploads\/2020\/02\/MG_7935-683x1024.jpg 683w\" sizes=\"(max-width: 760px) 100vw, 760px\" \/><\/a>\n\t\t\t<\/div><\/figure><figure class='gallery-item'>\n\t\t\t<div class='gallery-icon portrait'>\n\t\t\t\t<a data-elementor-open-lightbox=\"yes\" data-elementor-lightbox-slideshow=\"2b3e8629\" data-elementor-lightbox-title=\"manao_obraC7\" e-action-hash=\"#elementor-action%3Aaction%3Dlightbox%26settings%3DeyJpZCI6MTUwLCJ1cmwiOiJodHRwczpcL1wvbWFuYW9lc3R1ZGlvLmNvbVwvd3AtY29udGVudFwvdXBsb2Fkc1wvMjAyMFwvMDJcL01HXzc5MzcuanBnIiwic2xpZGVzaG93IjoiMmIzZTg2MjkifQ%3D%3D\" href='https:\/\/manaoestudio.com\/wp-content\/uploads\/2020\/02\/MG_7937.jpg'><img width=\"760\" height=\"1140\" src=\"https:\/\/manaoestudio.com\/wp-content\/uploads\/2020\/02\/MG_7937.jpg\" class=\"attachment-medium_large size-medium_large\" alt=\"\" loading=\"lazy\" srcset=\"https:\/\/manaoestudio.com\/wp-content\/uploads\/2020\/02\/MG_7937.jpg 760w, https:\/\/manaoestudio.com\/wp-content\/uploads\/2020\/02\/MG_7937-200x300.jpg 200w, https:\/\/manaoestudio.com\/wp-content\/uploads\/2020\/02\/MG_7937-683x1024.jpg 683w\" sizes=\"(max-width: 760px) 100vw, 760px\" \/><\/a>\n\t\t\t<\/div><\/figure><figure class='gallery-item'>\n\t\t\t<div class='gallery-icon landscape'>\n\t\t\t\t<a data-elementor-open-lightbox=\"yes\" data-elementor-lightbox-slideshow=\"2b3e8629\" data-elementor-lightbox-title=\"OBRA C\" e-action-hash=\"#elementor-action%3Aaction%3Dlightbox%26settings%3DeyJpZCI6MjM4LCJ1cmwiOiJodHRwczpcL1wvbWFuYW9lc3R1ZGlvLmNvbVwvd3AtY29udGVudFwvdXBsb2Fkc1wvMjAyMFwvMDJcL09CUkEtQy0wMS5qcGciLCJzbGlkZXNob3ciOiIyYjNlODYyOSJ9\" href='https:\/\/manaoestudio.com\/wp-content\/uploads\/2020\/02\/OBRA-C-01.jpg'><img width=\"768\" height=\"543\" src=\"https:\/\/manaoestudio.com\/wp-content\/uploads\/2020\/02\/OBRA-C-01-768x543.jpg\" class=\"attachment-medium_large size-medium_large\" alt=\"\" loading=\"lazy\" srcset=\"https:\/\/manaoestudio.com\/wp-content\/uploads\/2020\/02\/OBRA-C-01-768x543.jpg 768w, https:\/\/manaoestudio.com\/wp-content\/uploads\/2020\/02\/OBRA-C-01-300x212.jpg 300w, https:\/\/manaoestudio.com\/wp-content\/uploads\/2020\/02\/OBRA-C-01-1024x724.jpg 1024w\" sizes=\"(max-width: 768px) 100vw, 768px\" \/><\/a>\n\t\t\t<\/div><\/figure>\n\t\t<\/div>\n\t\t<\/div>\n\t\t\t\t<\/div>\n\t\t\t\t<\/div>\n\t\t\t\t\t\t<\/div>\n\t\t\t\t\t<\/div>\n\t\t<\/div>\n\t\t\t\t\t\t\t\t<\/div>\n\t\t\t\t\t<\/div>\n\t\t<\/section>\n\t\t\t\t\t\t\t\t\t<\/div>\n\t\t\t<\/div>\n\t\t\t\t\t<\/div>\n\t\t","protected":false},"excerpt":{"rendered":"<p>OBRA L En este caso, una obra mediana, la clienta quer\u00eda trasladar su sala (interior) al cuarto del ordenador (patio de manzana), ya que es m\u00e1s grande y tiene m\u00e1s luz. Por otro lado, ten\u00eda una habitaci\u00f3n peque\u00f1a entrando a mano derecha y lo quer\u00eda convertir en Hall. Para todo esto, hemos tirado un tabique, [&hellip;]<\/p>\n","protected":false},"author":1,"featured_media":0,"parent":0,"menu_order":0,"comment_status":"closed","ping_status":"closed","template":"","meta":[],"_links":{"self":[{"href":"https:\/\/manaoestudio.com\/index.php\/wp-json\/wp\/v2\/pages\/143"}],"collection":[{"href":"https:\/\/manaoestudio.com\/index.php\/wp-json\/wp\/v2\/pages"}],"about":[{"href":"https:\/\/manaoestudio.com\/index.php\/wp-json\/wp\/v2\/types\/page"}],"author":[{"embeddable":true,"href":"https:\/\/manaoestudio.com\/index.php\/wp-json\/wp\/v2\/users\/1"}],"replies":[{"embeddable":true,"href":"https:\/\/manaoestudio.com\/index.php\/wp-json\/wp\/v2\/comments?post=143"}],"version-history":[{"count":10,"href":"https:\/\/manaoestudio.com\/index.php\/wp-json\/wp\/v2\/pages\/143\/revisions"}],"predecessor-version":[{"id":388,"href":"https:\/\/manaoestudio.com\/index.php\/wp-json\/wp\/v2\/pages\/143\/revisions\/388"}],"wp:attachment":[{"href":"https:\/\/manaoestudio.com\/index.php\/wp-json\/wp\/v2\/media?parent=143"}],"curies":[{"name":"wp","href":"https:\/\/api.w.org\/{rel}","templated":true}]}}