{"id":525,"date":"2025-07-03T10:37:36","date_gmt":"2025-07-03T08:37:36","guid":{"rendered":"http:\/\/manaoestudio.com\/?page_id=525"},"modified":"2025-07-03T11:20:51","modified_gmt":"2025-07-03T09:20:51","slug":"elementor-525","status":"publish","type":"page","link":"https:\/\/manaoestudio.com\/index.php\/elementor-525\/","title":{"rendered":"OBRA A&#038;X"},"content":{"rendered":"\t\t<div data-elementor-type=\"wp-page\" data-elementor-id=\"525\" class=\"elementor elementor-525\">\n\t\t\t\t\t\t<div class=\"elementor-inner\">\n\t\t\t\t<div class=\"elementor-section-wrap\">\n\t\t\t\t\t\t\t\t\t<section class=\"elementor-section elementor-top-section elementor-element elementor-element-6a1ccf3c elementor-section-boxed elementor-section-height-default elementor-section-height-default\" data-id=\"6a1ccf3c\" data-element_type=\"section\">\n\t\t\t\t\t\t<div class=\"elementor-container elementor-column-gap-default\">\n\t\t\t\t\t\t\t<div class=\"elementor-row\">\n\t\t\t\t\t<div class=\"elementor-column elementor-col-66 elementor-top-column elementor-element elementor-element-2e97b3f5\" data-id=\"2e97b3f5\" data-element_type=\"column\">\n\t\t\t<div class=\"elementor-column-wrap elementor-element-populated\">\n\t\t\t\t\t\t\t<div class=\"elementor-widget-wrap\">\n\t\t\t\t\t\t<div class=\"elementor-element elementor-element-d263bcd elementor-widget elementor-widget-heading\" data-id=\"d263bcd\" data-element_type=\"widget\" data-widget_type=\"heading.default\">\n\t\t\t\t<div class=\"elementor-widget-container\">\n\t\t\t<h2 class=\"elementor-heading-title elementor-size-default\">OBRA A&amp;X<\/h2>\t\t<\/div>\n\t\t\t\t<\/div>\n\t\t\t\t<div class=\"elementor-element elementor-element-5a3cb3d elementor-widget elementor-widget-text-editor\" data-id=\"5a3cb3d\" data-element_type=\"widget\" data-widget_type=\"text-editor.default\">\n\t\t\t\t<div class=\"elementor-widget-container\">\n\t\t\t\t\t\t\t\t<div class=\"elementor-text-editor elementor-clearfix\">\n\t\t\t\t<p>En esta obra se trataba de actualizar uno de los ba\u00f1os y la cocina. No solo cambiando el mobiliario, sino mejorar la experiencia del cocinar teniendo en cuenta las necesidades del cliente. Para ello, se hizo un apertura entre la cocina y el comedor para que la luz del exterior entrara hasta la cocina. Por otro lado, se modifico la iluminaci\u00f3n para m\u00e1s comodidad a la hora de cocinar. En cuanto a la disposici\u00f3n de los muebles, se analiz\u00f3 el funcionamiento de la clienta cocinando y las necesidades que ten\u00eda, ya que es una persona que cocina mucho.<\/p><p>En cuanto al ba\u00f1o, adem\u00e1s de quitar la ba\u00f1era y poner ducha, se cambi\u00f3 la cer\u00e1mica, los sanitarios y el mobiliario, a\u00f1adiendo la lavadora por mayor comodidad.<\/p>\t\t\t\t\t<\/div>\n\t\t\t\t\t\t<\/div>\n\t\t\t\t<\/div>\n\t\t\t\t\t\t<\/div>\n\t\t\t\t\t<\/div>\n\t\t<\/div>\n\t\t\t\t<div class=\"elementor-column elementor-col-33 elementor-top-column elementor-element elementor-element-ea2c273\" data-id=\"ea2c273\" data-element_type=\"column\">\n\t\t\t<div class=\"elementor-column-wrap\">\n\t\t\t\t\t\t\t<div class=\"elementor-widget-wrap\">\n\t\t\t\t\t\t\t\t<\/div>\n\t\t\t\t\t<\/div>\n\t\t<\/div>\n\t\t\t\t\t\t\t\t<\/div>\n\t\t\t\t\t<\/div>\n\t\t<\/section>\n\t\t\t\t<section class=\"elementor-section elementor-top-section elementor-element elementor-element-a41e585 elementor-section-boxed elementor-section-height-default elementor-section-height-default\" data-id=\"a41e585\" data-element_type=\"section\">\n\t\t\t\t\t\t<div class=\"elementor-container elementor-column-gap-default\">\n\t\t\t\t\t\t\t<div class=\"elementor-row\">\n\t\t\t\t\t<div class=\"elementor-column elementor-col-100 elementor-top-column elementor-element elementor-element-75c19d7f\" data-id=\"75c19d7f\" data-element_type=\"column\">\n\t\t\t<div class=\"elementor-column-wrap elementor-element-populated\">\n\t\t\t\t\t\t\t<div class=\"elementor-widget-wrap\">\n\t\t\t\t\t\t\t\t<\/div>\n\t\t\t\t\t<\/div>\n\t\t<\/div>\n\t\t\t\t\t\t\t\t<\/div>\n\t\t\t\t\t<\/div>\n\t\t<\/section>\n\t\t\t\t<section class=\"elementor-section elementor-top-section elementor-element elementor-element-021401b elementor-section-boxed elementor-section-height-default elementor-section-height-default\" data-id=\"021401b\" data-element_type=\"section\">\n\t\t\t\t\t\t<div class=\"elementor-container elementor-column-gap-default\">\n\t\t\t\t\t\t\t<div class=\"elementor-row\">\n\t\t\t\t\t<div class=\"elementor-column elementor-col-33 elementor-top-column elementor-element elementor-element-2b72748\" data-id=\"2b72748\" data-element_type=\"column\">\n\t\t\t<div class=\"elementor-column-wrap elementor-element-populated\">\n\t\t\t\t\t\t\t<div class=\"elementor-widget-wrap\">\n\t\t\t\t\t\t<div class=\"elementor-element elementor-element-2c13c69 elementor-widget elementor-widget-image\" data-id=\"2c13c69\" data-element_type=\"widget\" data-widget_type=\"image.default\">\n\t\t\t\t<div class=\"elementor-widget-container\">\n\t\t\t\t\t\t\t\t<div class=\"elementor-image\">\n\t\t\t\t\t\t\t\t\t\t\t\t<img width=\"768\" height=\"1024\" src=\"https:\/\/manaoestudio.com\/wp-content\/uploads\/2025\/06\/1-768x1024.jpeg\" class=\"attachment-large size-large\" alt=\"\" loading=\"lazy\" srcset=\"https:\/\/manaoestudio.com\/wp-content\/uploads\/2025\/06\/1-768x1024.jpeg 768w, https:\/\/manaoestudio.com\/wp-content\/uploads\/2025\/06\/1-225x300.jpeg 225w, https:\/\/manaoestudio.com\/wp-content\/uploads\/2025\/06\/1-1152x1536.jpeg 1152w, https:\/\/manaoestudio.com\/wp-content\/uploads\/2025\/06\/1-1536x2048.jpeg 1536w, https:\/\/manaoestudio.com\/wp-content\/uploads\/2025\/06\/1-scaled.jpeg 1920w\" sizes=\"(max-width: 768px) 100vw, 768px\" \/>\t\t\t\t\t\t\t\t\t\t\t\t\t\t<\/div>\n\t\t\t\t\t\t<\/div>\n\t\t\t\t<\/div>\n\t\t\t\t\t\t<\/div>\n\t\t\t\t\t<\/div>\n\t\t<\/div>\n\t\t\t\t<div class=\"elementor-column elementor-col-33 elementor-top-column elementor-element elementor-element-5aafc71\" data-id=\"5aafc71\" data-element_type=\"column\">\n\t\t\t<div class=\"elementor-column-wrap elementor-element-populated\">\n\t\t\t\t\t\t\t<div class=\"elementor-widget-wrap\">\n\t\t\t\t\t\t<div class=\"elementor-element elementor-element-0a56870 elementor-widget elementor-widget-image\" data-id=\"0a56870\" data-element_type=\"widget\" data-widget_type=\"image.default\">\n\t\t\t\t<div class=\"elementor-widget-container\">\n\t\t\t\t\t\t\t\t<div class=\"elementor-image\">\n\t\t\t\t\t\t\t\t\t\t\t\t<img width=\"768\" height=\"1024\" src=\"https:\/\/manaoestudio.com\/wp-content\/uploads\/2025\/06\/2-768x1024.jpeg\" class=\"attachment-large size-large\" alt=\"\" loading=\"lazy\" srcset=\"https:\/\/manaoestudio.com\/wp-content\/uploads\/2025\/06\/2-768x1024.jpeg 768w, https:\/\/manaoestudio.com\/wp-content\/uploads\/2025\/06\/2-225x300.jpeg 225w, https:\/\/manaoestudio.com\/wp-content\/uploads\/2025\/06\/2-1152x1536.jpeg 1152w, https:\/\/manaoestudio.com\/wp-content\/uploads\/2025\/06\/2-1536x2048.jpeg 1536w, https:\/\/manaoestudio.com\/wp-content\/uploads\/2025\/06\/2-scaled.jpeg 1920w\" sizes=\"(max-width: 768px) 100vw, 768px\" \/>\t\t\t\t\t\t\t\t\t\t\t\t\t\t<\/div>\n\t\t\t\t\t\t<\/div>\n\t\t\t\t<\/div>\n\t\t\t\t\t\t<\/div>\n\t\t\t\t\t<\/div>\n\t\t<\/div>\n\t\t\t\t<div class=\"elementor-column elementor-col-33 elementor-top-column elementor-element elementor-element-83b9713\" data-id=\"83b9713\" data-element_type=\"column\">\n\t\t\t<div class=\"elementor-column-wrap elementor-element-populated\">\n\t\t\t\t\t\t\t<div class=\"elementor-widget-wrap\">\n\t\t\t\t\t\t<div class=\"elementor-element elementor-element-7ccae6e elementor-widget elementor-widget-image\" data-id=\"7ccae6e\" data-element_type=\"widget\" data-widget_type=\"image.default\">\n\t\t\t\t<div class=\"elementor-widget-container\">\n\t\t\t\t\t\t\t\t<div class=\"elementor-image\">\n\t\t\t\t\t\t\t\t\t\t\t\t<img width=\"768\" height=\"1024\" src=\"https:\/\/manaoestudio.com\/wp-content\/uploads\/2025\/06\/3-768x1024.jpeg\" class=\"attachment-large size-large\" alt=\"\" loading=\"lazy\" srcset=\"https:\/\/manaoestudio.com\/wp-content\/uploads\/2025\/06\/3-768x1024.jpeg 768w, https:\/\/manaoestudio.com\/wp-content\/uploads\/2025\/06\/3-225x300.jpeg 225w, https:\/\/manaoestudio.com\/wp-content\/uploads\/2025\/06\/3-1152x1536.jpeg 1152w, https:\/\/manaoestudio.com\/wp-content\/uploads\/2025\/06\/3-1536x2048.jpeg 1536w, https:\/\/manaoestudio.com\/wp-content\/uploads\/2025\/06\/3-scaled.jpeg 1920w\" sizes=\"(max-width: 768px) 100vw, 768px\" \/>\t\t\t\t\t\t\t\t\t\t\t\t\t\t<\/div>\n\t\t\t\t\t\t<\/div>\n\t\t\t\t<\/div>\n\t\t\t\t\t\t<\/div>\n\t\t\t\t\t<\/div>\n\t\t<\/div>\n\t\t\t\t\t\t\t\t<\/div>\n\t\t\t\t\t<\/div>\n\t\t<\/section>\n\t\t\t\t<section class=\"elementor-section elementor-top-section elementor-element elementor-element-1e046dc elementor-section-boxed elementor-section-height-default elementor-section-height-default\" data-id=\"1e046dc\" data-element_type=\"section\">\n\t\t\t\t\t\t<div class=\"elementor-container elementor-column-gap-default\">\n\t\t\t\t\t\t\t<div class=\"elementor-row\">\n\t\t\t\t\t<div class=\"elementor-column elementor-col-33 elementor-top-column elementor-element elementor-element-345eace\" data-id=\"345eace\" data-element_type=\"column\">\n\t\t\t<div class=\"elementor-column-wrap elementor-element-populated\">\n\t\t\t\t\t\t\t<div class=\"elementor-widget-wrap\">\n\t\t\t\t\t\t<div class=\"elementor-element elementor-element-48a6984 elementor-widget elementor-widget-image\" data-id=\"48a6984\" data-element_type=\"widget\" data-widget_type=\"image.default\">\n\t\t\t\t<div class=\"elementor-widget-container\">\n\t\t\t\t\t\t\t\t<div class=\"elementor-image\">\n\t\t\t\t\t\t\t\t\t\t\t\t<img width=\"768\" height=\"1024\" src=\"https:\/\/manaoestudio.com\/wp-content\/uploads\/2025\/06\/6-768x1024.jpeg\" class=\"attachment-large size-large\" alt=\"\" loading=\"lazy\" srcset=\"https:\/\/manaoestudio.com\/wp-content\/uploads\/2025\/06\/6-768x1024.jpeg 768w, https:\/\/manaoestudio.com\/wp-content\/uploads\/2025\/06\/6-225x300.jpeg 225w, https:\/\/manaoestudio.com\/wp-content\/uploads\/2025\/06\/6-1152x1536.jpeg 1152w, https:\/\/manaoestudio.com\/wp-content\/uploads\/2025\/06\/6-1536x2048.jpeg 1536w, https:\/\/manaoestudio.com\/wp-content\/uploads\/2025\/06\/6-scaled.jpeg 1920w\" sizes=\"(max-width: 768px) 100vw, 768px\" \/>\t\t\t\t\t\t\t\t\t\t\t\t\t\t<\/div>\n\t\t\t\t\t\t<\/div>\n\t\t\t\t<\/div>\n\t\t\t\t\t\t<\/div>\n\t\t\t\t\t<\/div>\n\t\t<\/div>\n\t\t\t\t<div class=\"elementor-column elementor-col-33 elementor-top-column elementor-element elementor-element-b733aab\" data-id=\"b733aab\" data-element_type=\"column\">\n\t\t\t<div class=\"elementor-column-wrap elementor-element-populated\">\n\t\t\t\t\t\t\t<div class=\"elementor-widget-wrap\">\n\t\t\t\t\t\t<div class=\"elementor-element elementor-element-8dee42e elementor-widget elementor-widget-image\" data-id=\"8dee42e\" data-element_type=\"widget\" data-widget_type=\"image.default\">\n\t\t\t\t<div class=\"elementor-widget-container\">\n\t\t\t\t\t\t\t\t<div class=\"elementor-image\">\n\t\t\t\t\t\t\t\t\t\t\t\t<img width=\"768\" height=\"1024\" src=\"https:\/\/manaoestudio.com\/wp-content\/uploads\/2025\/06\/4-768x1024.jpeg\" class=\"attachment-large size-large\" alt=\"\" loading=\"lazy\" srcset=\"https:\/\/manaoestudio.com\/wp-content\/uploads\/2025\/06\/4-768x1024.jpeg 768w, https:\/\/manaoestudio.com\/wp-content\/uploads\/2025\/06\/4-225x300.jpeg 225w, https:\/\/manaoestudio.com\/wp-content\/uploads\/2025\/06\/4-1152x1536.jpeg 1152w, https:\/\/manaoestudio.com\/wp-content\/uploads\/2025\/06\/4-1536x2048.jpeg 1536w, https:\/\/manaoestudio.com\/wp-content\/uploads\/2025\/06\/4-scaled.jpeg 1920w\" sizes=\"(max-width: 768px) 100vw, 768px\" \/>\t\t\t\t\t\t\t\t\t\t\t\t\t\t<\/div>\n\t\t\t\t\t\t<\/div>\n\t\t\t\t<\/div>\n\t\t\t\t\t\t<\/div>\n\t\t\t\t\t<\/div>\n\t\t<\/div>\n\t\t\t\t<div class=\"elementor-column elementor-col-33 elementor-top-column elementor-element elementor-element-baaeeef\" data-id=\"baaeeef\" data-element_type=\"column\">\n\t\t\t<div class=\"elementor-column-wrap elementor-element-populated\">\n\t\t\t\t\t\t\t<div class=\"elementor-widget-wrap\">\n\t\t\t\t\t\t<div class=\"elementor-element elementor-element-b227304 elementor-widget elementor-widget-image\" data-id=\"b227304\" data-element_type=\"widget\" data-widget_type=\"image.default\">\n\t\t\t\t<div class=\"elementor-widget-container\">\n\t\t\t\t\t\t\t\t<div class=\"elementor-image\">\n\t\t\t\t\t\t\t\t\t\t\t\t<img width=\"768\" height=\"1024\" src=\"https:\/\/manaoestudio.com\/wp-content\/uploads\/2025\/06\/5-768x1024.jpeg\" class=\"attachment-large size-large\" alt=\"\" loading=\"lazy\" srcset=\"https:\/\/manaoestudio.com\/wp-content\/uploads\/2025\/06\/5-768x1024.jpeg 768w, https:\/\/manaoestudio.com\/wp-content\/uploads\/2025\/06\/5-225x300.jpeg 225w, https:\/\/manaoestudio.com\/wp-content\/uploads\/2025\/06\/5-1152x1536.jpeg 1152w, https:\/\/manaoestudio.com\/wp-content\/uploads\/2025\/06\/5-1536x2048.jpeg 1536w, https:\/\/manaoestudio.com\/wp-content\/uploads\/2025\/06\/5-scaled.jpeg 1920w\" sizes=\"(max-width: 768px) 100vw, 768px\" \/>\t\t\t\t\t\t\t\t\t\t\t\t\t\t<\/div>\n\t\t\t\t\t\t<\/div>\n\t\t\t\t<\/div>\n\t\t\t\t\t\t<\/div>\n\t\t\t\t\t<\/div>\n\t\t<\/div>\n\t\t\t\t\t\t\t\t<\/div>\n\t\t\t\t\t<\/div>\n\t\t<\/section>\n\t\t\t\t\t\t\t\t\t<\/div>\n\t\t\t<\/div>\n\t\t\t\t\t<\/div>\n\t\t","protected":false},"excerpt":{"rendered":"<p>OBRA A&amp;X En esta obra se trataba de actualizar uno de los ba\u00f1os y la cocina. No solo cambiando el mobiliario, sino mejorar la experiencia del cocinar teniendo en cuenta las necesidades del cliente. Para ello, se hizo un apertura entre la cocina y el comedor para que la luz del exterior entrara hasta la [&hellip;]<\/p>\n","protected":false},"author":2,"featured_media":526,"parent":0,"menu_order":0,"comment_status":"closed","ping_status":"closed","template":"","meta":[],"_links":{"self":[{"href":"https:\/\/manaoestudio.com\/index.php\/wp-json\/wp\/v2\/pages\/525"}],"collection":[{"href":"https:\/\/manaoestudio.com\/index.php\/wp-json\/wp\/v2\/pages"}],"about":[{"href":"https:\/\/manaoestudio.com\/index.php\/wp-json\/wp\/v2\/types\/page"}],"author":[{"embeddable":true,"href":"https:\/\/manaoestudio.com\/index.php\/wp-json\/wp\/v2\/users\/2"}],"replies":[{"embeddable":true,"href":"https:\/\/manaoestudio.com\/index.php\/wp-json\/wp\/v2\/comments?post=525"}],"version-history":[{"count":9,"href":"https:\/\/manaoestudio.com\/index.php\/wp-json\/wp\/v2\/pages\/525\/revisions"}],"predecessor-version":[{"id":552,"href":"https:\/\/manaoestudio.com\/index.php\/wp-json\/wp\/v2\/pages\/525\/revisions\/552"}],"wp:featuredmedia":[{"embeddable":true,"href":"https:\/\/manaoestudio.com\/index.php\/wp-json\/wp\/v2\/media\/526"}],"wp:attachment":[{"href":"https:\/\/manaoestudio.com\/index.php\/wp-json\/wp\/v2\/media?parent=525"}],"curies":[{"name":"wp","href":"https:\/\/api.w.org\/{rel}","templated":true}]}}