{"id":553,"date":"2025-07-16T13:54:42","date_gmt":"2025-07-16T11:54:42","guid":{"rendered":"http:\/\/manaoestudio.com\/?page_id=553"},"modified":"2025-07-16T14:05:50","modified_gmt":"2025-07-16T12:05:50","slug":"obra-k","status":"publish","type":"page","link":"https:\/\/manaoestudio.com\/index.php\/obra-k\/","title":{"rendered":"OBRA K"},"content":{"rendered":"\t\t<div data-elementor-type=\"wp-page\" data-elementor-id=\"553\" class=\"elementor elementor-553\">\n\t\t\t\t\t\t<div class=\"elementor-inner\">\n\t\t\t\t<div class=\"elementor-section-wrap\">\n\t\t\t\t\t\t\t\t\t<section class=\"elementor-section elementor-top-section elementor-element elementor-element-1b882b55 elementor-section-boxed elementor-section-height-default elementor-section-height-default\" data-id=\"1b882b55\" data-element_type=\"section\">\n\t\t\t\t\t\t<div class=\"elementor-container elementor-column-gap-default\">\n\t\t\t\t\t\t\t<div class=\"elementor-row\">\n\t\t\t\t\t<div class=\"elementor-column elementor-col-66 elementor-top-column elementor-element elementor-element-3909cd80\" data-id=\"3909cd80\" data-element_type=\"column\">\n\t\t\t<div class=\"elementor-column-wrap elementor-element-populated\">\n\t\t\t\t\t\t\t<div class=\"elementor-widget-wrap\">\n\t\t\t\t\t\t<div class=\"elementor-element elementor-element-62b7407c elementor-widget elementor-widget-heading\" data-id=\"62b7407c\" data-element_type=\"widget\" data-widget_type=\"heading.default\">\n\t\t\t\t<div class=\"elementor-widget-container\">\n\t\t\t<h2 class=\"elementor-heading-title elementor-size-default\">OBRA K<\/h2>\t\t<\/div>\n\t\t\t\t<\/div>\n\t\t\t\t<div class=\"elementor-element elementor-element-7bf0c442 elementor-widget elementor-widget-text-editor\" data-id=\"7bf0c442\" data-element_type=\"widget\" data-widget_type=\"text-editor.default\">\n\t\t\t\t<div class=\"elementor-widget-container\">\n\t\t\t\t\t\t\t\t<div class=\"elementor-text-editor elementor-clearfix\">\n\t\t\t\t<p>Esta reforma es una vivienda de 115m<sup>2<\/sup> \u00fatiles. En este proyecto se trataba de modificar la distribuci\u00f3n de la vivienda, ya que se a\u00f1ad\u00edan tres habitaciones m\u00e1s.<span class=\"Apple-converted-space\">\u00a0<\/span><\/p><p>Con esta ampliaci\u00f3n permit\u00eda juntar la sala con el dormitorio principal, creando un espacio amplio y luminoso.<\/p><p>La vivienda tiene dos ba\u00f1os completos, el m\u00e1s peque\u00f1o se actualizaron, \u00fanicamente, los sanitarios y en el ba\u00f1o principal se amplio, quedando un espacio actualizado y funcional.<\/p><p>Enfrente de estos ba\u00f1os se a\u00f1ad\u00eda un espacio convirti\u00e9ndolo en lavander\u00eda-trastero.<\/p><p>En cuanto a la cocina, se junto la original con otra habitaci\u00f3n creando un espacio \u00fanico, con acceso a la terraza. Por ultimo, dos habitaciones se juntaron para crear la habitaci\u00f3n principal y vestidor.<\/p><p>Para toda esta distribuci\u00f3n se llevaron a cabo derribos, levantamiento de tabiquer\u00eda, nuevas instalaciones, ventanas nuevas\u2026 es un proyecto moderno, pero a la vez se ha querido mantener la esencia de una vivienda, cuyo edificio fue construido hace m\u00e1s de 100 a\u00f1os.<\/p>\t\t\t\t\t<\/div>\n\t\t\t\t\t\t<\/div>\n\t\t\t\t<\/div>\n\t\t\t\t\t\t<\/div>\n\t\t\t\t\t<\/div>\n\t\t<\/div>\n\t\t\t\t<div class=\"elementor-column elementor-col-33 elementor-top-column elementor-element elementor-element-4939877c\" data-id=\"4939877c\" data-element_type=\"column\">\n\t\t\t<div class=\"elementor-column-wrap\">\n\t\t\t\t\t\t\t<div class=\"elementor-widget-wrap\">\n\t\t\t\t\t\t\t\t<\/div>\n\t\t\t\t\t<\/div>\n\t\t<\/div>\n\t\t\t\t\t\t\t\t<\/div>\n\t\t\t\t\t<\/div>\n\t\t<\/section>\n\t\t\t\t<section class=\"elementor-section elementor-top-section elementor-element elementor-element-64c2298d elementor-section-boxed elementor-section-height-default elementor-section-height-default\" data-id=\"64c2298d\" data-element_type=\"section\">\n\t\t\t\t\t\t<div class=\"elementor-container elementor-column-gap-default\">\n\t\t\t\t\t\t\t<div class=\"elementor-row\">\n\t\t\t\t\t<div class=\"elementor-column elementor-col-100 elementor-top-column elementor-element elementor-element-59ce4967\" data-id=\"59ce4967\" data-element_type=\"column\">\n\t\t\t<div class=\"elementor-column-wrap elementor-element-populated\">\n\t\t\t\t\t\t\t<div class=\"elementor-widget-wrap\">\n\t\t\t\t\t\t<div class=\"elementor-element elementor-element-65805209 gallery-spacing-custom elementor-widget elementor-widget-image-gallery\" data-id=\"65805209\" data-element_type=\"widget\" data-widget_type=\"image-gallery.default\">\n\t\t\t\t<div class=\"elementor-widget-container\">\n\t\t\t\t\t<div class=\"elementor-image-gallery\">\n\t\t\t<div id='gallery-1' class='gallery galleryid-553 gallery-columns-3 gallery-size-medium_large'><figure class='gallery-item'>\n\t\t\t<div class='gallery-icon portrait'>\n\t\t\t\t<a data-elementor-open-lightbox=\"yes\" data-elementor-lightbox-slideshow=\"65805209\" data-elementor-lightbox-title=\"1\" e-action-hash=\"#elementor-action%3Aaction%3Dlightbox%26settings%3DeyJpZCI6NTU2LCJ1cmwiOiJodHRwczpcL1wvbWFuYW9lc3R1ZGlvLmNvbVwvd3AtY29udGVudFwvdXBsb2Fkc1wvMjAyNVwvMDdcLzEtc2NhbGVkLmpwZyIsInNsaWRlc2hvdyI6IjY1ODA1MjA5In0%3D\" href='https:\/\/manaoestudio.com\/wp-content\/uploads\/2025\/07\/1-scaled.jpg'><img width=\"768\" height=\"1152\" src=\"https:\/\/manaoestudio.com\/wp-content\/uploads\/2025\/07\/1-768x1152.jpg\" class=\"attachment-medium_large size-medium_large\" alt=\"\" loading=\"lazy\" aria-describedby=\"gallery-1-556\" srcset=\"https:\/\/manaoestudio.com\/wp-content\/uploads\/2025\/07\/1-768x1152.jpg 768w, https:\/\/manaoestudio.com\/wp-content\/uploads\/2025\/07\/1-200x300.jpg 200w, https:\/\/manaoestudio.com\/wp-content\/uploads\/2025\/07\/1-683x1024.jpg 683w, https:\/\/manaoestudio.com\/wp-content\/uploads\/2025\/07\/1-1024x1536.jpg 1024w, https:\/\/manaoestudio.com\/wp-content\/uploads\/2025\/07\/1-1365x2048.jpg 1365w, https:\/\/manaoestudio.com\/wp-content\/uploads\/2025\/07\/1-scaled.jpg 1707w\" sizes=\"(max-width: 768px) 100vw, 768px\" \/><\/a>\n\t\t\t<\/div>\n\t\t\t\t<figcaption class='wp-caption-text gallery-caption' id='gallery-1-556'>\n\t\t\t\tSala\n\t\t\t\t<\/figcaption><\/figure><figure class='gallery-item'>\n\t\t\t<div class='gallery-icon portrait'>\n\t\t\t\t<a data-elementor-open-lightbox=\"yes\" data-elementor-lightbox-slideshow=\"65805209\" data-elementor-lightbox-title=\"3\" e-action-hash=\"#elementor-action%3Aaction%3Dlightbox%26settings%3DeyJpZCI6NTU4LCJ1cmwiOiJodHRwczpcL1wvbWFuYW9lc3R1ZGlvLmNvbVwvd3AtY29udGVudFwvdXBsb2Fkc1wvMjAyNVwvMDdcLzMtc2NhbGVkLmpwZyIsInNsaWRlc2hvdyI6IjY1ODA1MjA5In0%3D\" href='https:\/\/manaoestudio.com\/wp-content\/uploads\/2025\/07\/3-scaled.jpg'><img width=\"768\" height=\"1152\" src=\"https:\/\/manaoestudio.com\/wp-content\/uploads\/2025\/07\/3-768x1152.jpg\" class=\"attachment-medium_large size-medium_large\" alt=\"\" loading=\"lazy\" aria-describedby=\"gallery-1-558\" srcset=\"https:\/\/manaoestudio.com\/wp-content\/uploads\/2025\/07\/3-768x1152.jpg 768w, https:\/\/manaoestudio.com\/wp-content\/uploads\/2025\/07\/3-200x300.jpg 200w, https:\/\/manaoestudio.com\/wp-content\/uploads\/2025\/07\/3-683x1024.jpg 683w, https:\/\/manaoestudio.com\/wp-content\/uploads\/2025\/07\/3-1024x1536.jpg 1024w, https:\/\/manaoestudio.com\/wp-content\/uploads\/2025\/07\/3-1365x2048.jpg 1365w, https:\/\/manaoestudio.com\/wp-content\/uploads\/2025\/07\/3-scaled.jpg 1707w\" sizes=\"(max-width: 768px) 100vw, 768px\" \/><\/a>\n\t\t\t<\/div>\n\t\t\t\t<figcaption class='wp-caption-text gallery-caption' id='gallery-1-558'>\n\t\t\t\tSala\n\t\t\t\t<\/figcaption><\/figure><figure class='gallery-item'>\n\t\t\t<div class='gallery-icon portrait'>\n\t\t\t\t<a data-elementor-open-lightbox=\"yes\" data-elementor-lightbox-slideshow=\"65805209\" data-elementor-lightbox-title=\"4\" e-action-hash=\"#elementor-action%3Aaction%3Dlightbox%26settings%3DeyJpZCI6NTczLCJ1cmwiOiJodHRwczpcL1wvbWFuYW9lc3R1ZGlvLmNvbVwvd3AtY29udGVudFwvdXBsb2Fkc1wvMjAyNVwvMDdcLzQtMS1zY2FsZWQuanBnIiwic2xpZGVzaG93IjoiNjU4MDUyMDkifQ%3D%3D\" href='https:\/\/manaoestudio.com\/wp-content\/uploads\/2025\/07\/4-1-scaled.jpg'><img width=\"768\" height=\"1152\" src=\"https:\/\/manaoestudio.com\/wp-content\/uploads\/2025\/07\/4-1-768x1152.jpg\" class=\"attachment-medium_large size-medium_large\" alt=\"\" loading=\"lazy\" aria-describedby=\"gallery-1-573\" srcset=\"https:\/\/manaoestudio.com\/wp-content\/uploads\/2025\/07\/4-1-768x1152.jpg 768w, https:\/\/manaoestudio.com\/wp-content\/uploads\/2025\/07\/4-1-200x300.jpg 200w, https:\/\/manaoestudio.com\/wp-content\/uploads\/2025\/07\/4-1-683x1024.jpg 683w, https:\/\/manaoestudio.com\/wp-content\/uploads\/2025\/07\/4-1-1024x1536.jpg 1024w, https:\/\/manaoestudio.com\/wp-content\/uploads\/2025\/07\/4-1-1365x2048.jpg 1365w, https:\/\/manaoestudio.com\/wp-content\/uploads\/2025\/07\/4-1-scaled.jpg 1707w\" sizes=\"(max-width: 768px) 100vw, 768px\" \/><\/a>\n\t\t\t<\/div>\n\t\t\t\t<figcaption class='wp-caption-text gallery-caption' id='gallery-1-573'>\n\t\t\t\tSala\n\t\t\t\t<\/figcaption><\/figure><figure class='gallery-item'>\n\t\t\t<div class='gallery-icon portrait'>\n\t\t\t\t<a data-elementor-open-lightbox=\"yes\" data-elementor-lightbox-slideshow=\"65805209\" data-elementor-lightbox-title=\"5\" e-action-hash=\"#elementor-action%3Aaction%3Dlightbox%26settings%3DeyJpZCI6NTYwLCJ1cmwiOiJodHRwczpcL1wvbWFuYW9lc3R1ZGlvLmNvbVwvd3AtY29udGVudFwvdXBsb2Fkc1wvMjAyNVwvMDdcLzUtc2NhbGVkLmpwZyIsInNsaWRlc2hvdyI6IjY1ODA1MjA5In0%3D\" href='https:\/\/manaoestudio.com\/wp-content\/uploads\/2025\/07\/5-scaled.jpg'><img width=\"768\" height=\"1152\" src=\"https:\/\/manaoestudio.com\/wp-content\/uploads\/2025\/07\/5-768x1152.jpg\" class=\"attachment-medium_large size-medium_large\" alt=\"\" loading=\"lazy\" aria-describedby=\"gallery-1-560\" srcset=\"https:\/\/manaoestudio.com\/wp-content\/uploads\/2025\/07\/5-768x1152.jpg 768w, https:\/\/manaoestudio.com\/wp-content\/uploads\/2025\/07\/5-200x300.jpg 200w, https:\/\/manaoestudio.com\/wp-content\/uploads\/2025\/07\/5-683x1024.jpg 683w, https:\/\/manaoestudio.com\/wp-content\/uploads\/2025\/07\/5-1024x1536.jpg 1024w, https:\/\/manaoestudio.com\/wp-content\/uploads\/2025\/07\/5-1365x2048.jpg 1365w, https:\/\/manaoestudio.com\/wp-content\/uploads\/2025\/07\/5-scaled.jpg 1707w\" sizes=\"(max-width: 768px) 100vw, 768px\" \/><\/a>\n\t\t\t<\/div>\n\t\t\t\t<figcaption class='wp-caption-text gallery-caption' id='gallery-1-560'>\n\t\t\t\tBa\u00f1o\n\t\t\t\t<\/figcaption><\/figure><figure class='gallery-item'>\n\t\t\t<div class='gallery-icon portrait'>\n\t\t\t\t<a data-elementor-open-lightbox=\"yes\" data-elementor-lightbox-slideshow=\"65805209\" data-elementor-lightbox-title=\"6\" e-action-hash=\"#elementor-action%3Aaction%3Dlightbox%26settings%3DeyJpZCI6NTYxLCJ1cmwiOiJodHRwczpcL1wvbWFuYW9lc3R1ZGlvLmNvbVwvd3AtY29udGVudFwvdXBsb2Fkc1wvMjAyNVwvMDdcLzYtc2NhbGVkLmpwZyIsInNsaWRlc2hvdyI6IjY1ODA1MjA5In0%3D\" href='https:\/\/manaoestudio.com\/wp-content\/uploads\/2025\/07\/6-scaled.jpg'><img width=\"768\" height=\"1152\" src=\"https:\/\/manaoestudio.com\/wp-content\/uploads\/2025\/07\/6-768x1152.jpg\" class=\"attachment-medium_large size-medium_large\" alt=\"\" loading=\"lazy\" aria-describedby=\"gallery-1-561\" srcset=\"https:\/\/manaoestudio.com\/wp-content\/uploads\/2025\/07\/6-768x1152.jpg 768w, https:\/\/manaoestudio.com\/wp-content\/uploads\/2025\/07\/6-200x300.jpg 200w, https:\/\/manaoestudio.com\/wp-content\/uploads\/2025\/07\/6-683x1024.jpg 683w, https:\/\/manaoestudio.com\/wp-content\/uploads\/2025\/07\/6-1024x1536.jpg 1024w, https:\/\/manaoestudio.com\/wp-content\/uploads\/2025\/07\/6-1365x2048.jpg 1365w, https:\/\/manaoestudio.com\/wp-content\/uploads\/2025\/07\/6-scaled.jpg 1707w\" sizes=\"(max-width: 768px) 100vw, 768px\" \/><\/a>\n\t\t\t<\/div>\n\t\t\t\t<figcaption class='wp-caption-text gallery-caption' id='gallery-1-561'>\n\t\t\t\tBa\u00f1o\n\t\t\t\t<\/figcaption><\/figure><figure class='gallery-item'>\n\t\t\t<div class='gallery-icon portrait'>\n\t\t\t\t<a data-elementor-open-lightbox=\"yes\" data-elementor-lightbox-slideshow=\"65805209\" data-elementor-lightbox-title=\"17bis\" e-action-hash=\"#elementor-action%3Aaction%3Dlightbox%26settings%3DeyJpZCI6NTcxLCJ1cmwiOiJodHRwczpcL1wvbWFuYW9lc3R1ZGlvLmNvbVwvd3AtY29udGVudFwvdXBsb2Fkc1wvMjAyNVwvMDdcLzE3YmlzLXNjYWxlZC5qcGciLCJzbGlkZXNob3ciOiI2NTgwNTIwOSJ9\" href='https:\/\/manaoestudio.com\/wp-content\/uploads\/2025\/07\/17bis-scaled.jpg'><img width=\"768\" height=\"1152\" src=\"https:\/\/manaoestudio.com\/wp-content\/uploads\/2025\/07\/17bis-768x1152.jpg\" class=\"attachment-medium_large size-medium_large\" alt=\"\" loading=\"lazy\" aria-describedby=\"gallery-1-571\" srcset=\"https:\/\/manaoestudio.com\/wp-content\/uploads\/2025\/07\/17bis-768x1152.jpg 768w, https:\/\/manaoestudio.com\/wp-content\/uploads\/2025\/07\/17bis-200x300.jpg 200w, https:\/\/manaoestudio.com\/wp-content\/uploads\/2025\/07\/17bis-683x1024.jpg 683w, https:\/\/manaoestudio.com\/wp-content\/uploads\/2025\/07\/17bis-1024x1536.jpg 1024w, https:\/\/manaoestudio.com\/wp-content\/uploads\/2025\/07\/17bis-1365x2048.jpg 1365w, https:\/\/manaoestudio.com\/wp-content\/uploads\/2025\/07\/17bis-scaled.jpg 1707w\" sizes=\"(max-width: 768px) 100vw, 768px\" \/><\/a>\n\t\t\t<\/div>\n\t\t\t\t<figcaption class='wp-caption-text gallery-caption' id='gallery-1-571'>\n\t\t\t\tLavander\u00eda\n\t\t\t\t<\/figcaption><\/figure><figure class='gallery-item'>\n\t\t\t<div class='gallery-icon portrait'>\n\t\t\t\t<a data-elementor-open-lightbox=\"yes\" data-elementor-lightbox-slideshow=\"65805209\" data-elementor-lightbox-title=\"7\" e-action-hash=\"#elementor-action%3Aaction%3Dlightbox%26settings%3DeyJpZCI6NTYyLCJ1cmwiOiJodHRwczpcL1wvbWFuYW9lc3R1ZGlvLmNvbVwvd3AtY29udGVudFwvdXBsb2Fkc1wvMjAyNVwvMDdcLzctc2NhbGVkLmpwZyIsInNsaWRlc2hvdyI6IjY1ODA1MjA5In0%3D\" href='https:\/\/manaoestudio.com\/wp-content\/uploads\/2025\/07\/7-scaled.jpg'><img width=\"768\" height=\"1152\" src=\"https:\/\/manaoestudio.com\/wp-content\/uploads\/2025\/07\/7-768x1152.jpg\" class=\"attachment-medium_large size-medium_large\" alt=\"\" loading=\"lazy\" aria-describedby=\"gallery-1-562\" srcset=\"https:\/\/manaoestudio.com\/wp-content\/uploads\/2025\/07\/7-768x1152.jpg 768w, https:\/\/manaoestudio.com\/wp-content\/uploads\/2025\/07\/7-200x300.jpg 200w, https:\/\/manaoestudio.com\/wp-content\/uploads\/2025\/07\/7-683x1024.jpg 683w, https:\/\/manaoestudio.com\/wp-content\/uploads\/2025\/07\/7-1024x1536.jpg 1024w, https:\/\/manaoestudio.com\/wp-content\/uploads\/2025\/07\/7-1365x2048.jpg 1365w, https:\/\/manaoestudio.com\/wp-content\/uploads\/2025\/07\/7-scaled.jpg 1707w\" sizes=\"(max-width: 768px) 100vw, 768px\" \/><\/a>\n\t\t\t<\/div>\n\t\t\t\t<figcaption class='wp-caption-text gallery-caption' id='gallery-1-562'>\n\t\t\t\tCocina &#8211; comedor\n\t\t\t\t<\/figcaption><\/figure><figure class='gallery-item'>\n\t\t\t<div class='gallery-icon portrait'>\n\t\t\t\t<a data-elementor-open-lightbox=\"yes\" data-elementor-lightbox-slideshow=\"65805209\" data-elementor-lightbox-title=\"12\" e-action-hash=\"#elementor-action%3Aaction%3Dlightbox%26settings%3DeyJpZCI6NTY3LCJ1cmwiOiJodHRwczpcL1wvbWFuYW9lc3R1ZGlvLmNvbVwvd3AtY29udGVudFwvdXBsb2Fkc1wvMjAyNVwvMDdcLzEyLXNjYWxlZC5qcGciLCJzbGlkZXNob3ciOiI2NTgwNTIwOSJ9\" href='https:\/\/manaoestudio.com\/wp-content\/uploads\/2025\/07\/12-scaled.jpg'><img width=\"768\" height=\"1152\" src=\"https:\/\/manaoestudio.com\/wp-content\/uploads\/2025\/07\/12-768x1152.jpg\" class=\"attachment-medium_large size-medium_large\" alt=\"\" loading=\"lazy\" aria-describedby=\"gallery-1-567\" srcset=\"https:\/\/manaoestudio.com\/wp-content\/uploads\/2025\/07\/12-768x1152.jpg 768w, https:\/\/manaoestudio.com\/wp-content\/uploads\/2025\/07\/12-200x300.jpg 200w, https:\/\/manaoestudio.com\/wp-content\/uploads\/2025\/07\/12-683x1024.jpg 683w, https:\/\/manaoestudio.com\/wp-content\/uploads\/2025\/07\/12-1024x1536.jpg 1024w, https:\/\/manaoestudio.com\/wp-content\/uploads\/2025\/07\/12-1365x2048.jpg 1365w, https:\/\/manaoestudio.com\/wp-content\/uploads\/2025\/07\/12-scaled.jpg 1707w\" sizes=\"(max-width: 768px) 100vw, 768px\" \/><\/a>\n\t\t\t<\/div>\n\t\t\t\t<figcaption class='wp-caption-text gallery-caption' id='gallery-1-567'>\n\t\t\t\tCocina &#8211; comedor\n\t\t\t\t<\/figcaption><\/figure><figure class='gallery-item'>\n\t\t\t<div class='gallery-icon portrait'>\n\t\t\t\t<a data-elementor-open-lightbox=\"yes\" data-elementor-lightbox-slideshow=\"65805209\" data-elementor-lightbox-title=\"9\" e-action-hash=\"#elementor-action%3Aaction%3Dlightbox%26settings%3DeyJpZCI6NTY0LCJ1cmwiOiJodHRwczpcL1wvbWFuYW9lc3R1ZGlvLmNvbVwvd3AtY29udGVudFwvdXBsb2Fkc1wvMjAyNVwvMDdcLzktc2NhbGVkLmpwZyIsInNsaWRlc2hvdyI6IjY1ODA1MjA5In0%3D\" href='https:\/\/manaoestudio.com\/wp-content\/uploads\/2025\/07\/9-scaled.jpg'><img width=\"768\" height=\"1152\" src=\"https:\/\/manaoestudio.com\/wp-content\/uploads\/2025\/07\/9-768x1152.jpg\" class=\"attachment-medium_large size-medium_large\" alt=\"\" loading=\"lazy\" aria-describedby=\"gallery-1-564\" srcset=\"https:\/\/manaoestudio.com\/wp-content\/uploads\/2025\/07\/9-768x1152.jpg 768w, https:\/\/manaoestudio.com\/wp-content\/uploads\/2025\/07\/9-200x300.jpg 200w, https:\/\/manaoestudio.com\/wp-content\/uploads\/2025\/07\/9-683x1024.jpg 683w, https:\/\/manaoestudio.com\/wp-content\/uploads\/2025\/07\/9-1024x1536.jpg 1024w, https:\/\/manaoestudio.com\/wp-content\/uploads\/2025\/07\/9-1365x2048.jpg 1365w, https:\/\/manaoestudio.com\/wp-content\/uploads\/2025\/07\/9-scaled.jpg 1707w\" sizes=\"(max-width: 768px) 100vw, 768px\" \/><\/a>\n\t\t\t<\/div>\n\t\t\t\t<figcaption class='wp-caption-text gallery-caption' id='gallery-1-564'>\n\t\t\t\tCocina &#8211; comedor\n\t\t\t\t<\/figcaption><\/figure><figure class='gallery-item'>\n\t\t\t<div class='gallery-icon landscape'>\n\t\t\t\t<a data-elementor-open-lightbox=\"yes\" data-elementor-lightbox-slideshow=\"65805209\" data-elementor-lightbox-title=\"10\" e-action-hash=\"#elementor-action%3Aaction%3Dlightbox%26settings%3DeyJpZCI6NTcyLCJ1cmwiOiJodHRwczpcL1wvbWFuYW9lc3R1ZGlvLmNvbVwvd3AtY29udGVudFwvdXBsb2Fkc1wvMjAyNVwvMDdcLzEwLTEtc2NhbGVkLmpwZyIsInNsaWRlc2hvdyI6IjY1ODA1MjA5In0%3D\" href='https:\/\/manaoestudio.com\/wp-content\/uploads\/2025\/07\/10-1-scaled.jpg'><img width=\"768\" height=\"512\" src=\"https:\/\/manaoestudio.com\/wp-content\/uploads\/2025\/07\/10-1-768x512.jpg\" class=\"attachment-medium_large size-medium_large\" alt=\"\" loading=\"lazy\" aria-describedby=\"gallery-1-572\" srcset=\"https:\/\/manaoestudio.com\/wp-content\/uploads\/2025\/07\/10-1-768x512.jpg 768w, https:\/\/manaoestudio.com\/wp-content\/uploads\/2025\/07\/10-1-300x200.jpg 300w, https:\/\/manaoestudio.com\/wp-content\/uploads\/2025\/07\/10-1-1024x683.jpg 1024w, https:\/\/manaoestudio.com\/wp-content\/uploads\/2025\/07\/10-1-1536x1024.jpg 1536w, https:\/\/manaoestudio.com\/wp-content\/uploads\/2025\/07\/10-1-2048x1365.jpg 2048w\" sizes=\"(max-width: 768px) 100vw, 768px\" \/><\/a>\n\t\t\t<\/div>\n\t\t\t\t<figcaption class='wp-caption-text gallery-caption' id='gallery-1-572'>\n\t\t\t\tCocina &#8211; comedor\n\t\t\t\t<\/figcaption><\/figure><figure class='gallery-item'>\n\t\t\t<div class='gallery-icon landscape'>\n\t\t\t\t<a data-elementor-open-lightbox=\"yes\" data-elementor-lightbox-slideshow=\"65805209\" data-elementor-lightbox-title=\"11\" e-action-hash=\"#elementor-action%3Aaction%3Dlightbox%26settings%3DeyJpZCI6NTY2LCJ1cmwiOiJodHRwczpcL1wvbWFuYW9lc3R1ZGlvLmNvbVwvd3AtY29udGVudFwvdXBsb2Fkc1wvMjAyNVwvMDdcLzExLXNjYWxlZC5qcGciLCJzbGlkZXNob3ciOiI2NTgwNTIwOSJ9\" href='https:\/\/manaoestudio.com\/wp-content\/uploads\/2025\/07\/11-scaled.jpg'><img width=\"768\" height=\"512\" src=\"https:\/\/manaoestudio.com\/wp-content\/uploads\/2025\/07\/11-768x512.jpg\" class=\"attachment-medium_large size-medium_large\" alt=\"\" loading=\"lazy\" aria-describedby=\"gallery-1-566\" srcset=\"https:\/\/manaoestudio.com\/wp-content\/uploads\/2025\/07\/11-768x512.jpg 768w, https:\/\/manaoestudio.com\/wp-content\/uploads\/2025\/07\/11-300x200.jpg 300w, https:\/\/manaoestudio.com\/wp-content\/uploads\/2025\/07\/11-1024x683.jpg 1024w, https:\/\/manaoestudio.com\/wp-content\/uploads\/2025\/07\/11-1536x1024.jpg 1536w, https:\/\/manaoestudio.com\/wp-content\/uploads\/2025\/07\/11-2048x1365.jpg 2048w\" sizes=\"(max-width: 768px) 100vw, 768px\" \/><\/a>\n\t\t\t<\/div>\n\t\t\t\t<figcaption class='wp-caption-text gallery-caption' id='gallery-1-566'>\n\t\t\t\tCocina &#8211; comedor\n\t\t\t\t<\/figcaption><\/figure><figure class='gallery-item'>\n\t\t\t<div class='gallery-icon landscape'>\n\t\t\t\t<a data-elementor-open-lightbox=\"yes\" data-elementor-lightbox-slideshow=\"65805209\" data-elementor-lightbox-title=\"8\" e-action-hash=\"#elementor-action%3Aaction%3Dlightbox%26settings%3DeyJpZCI6NTYzLCJ1cmwiOiJodHRwczpcL1wvbWFuYW9lc3R1ZGlvLmNvbVwvd3AtY29udGVudFwvdXBsb2Fkc1wvMjAyNVwvMDdcLzgtc2NhbGVkLmpwZyIsInNsaWRlc2hvdyI6IjY1ODA1MjA5In0%3D\" href='https:\/\/manaoestudio.com\/wp-content\/uploads\/2025\/07\/8-scaled.jpg'><img width=\"768\" height=\"512\" src=\"https:\/\/manaoestudio.com\/wp-content\/uploads\/2025\/07\/8-768x512.jpg\" class=\"attachment-medium_large size-medium_large\" alt=\"\" loading=\"lazy\" aria-describedby=\"gallery-1-563\" srcset=\"https:\/\/manaoestudio.com\/wp-content\/uploads\/2025\/07\/8-768x512.jpg 768w, https:\/\/manaoestudio.com\/wp-content\/uploads\/2025\/07\/8-300x200.jpg 300w, https:\/\/manaoestudio.com\/wp-content\/uploads\/2025\/07\/8-1024x683.jpg 1024w, https:\/\/manaoestudio.com\/wp-content\/uploads\/2025\/07\/8-1536x1024.jpg 1536w, https:\/\/manaoestudio.com\/wp-content\/uploads\/2025\/07\/8-2048x1365.jpg 2048w\" sizes=\"(max-width: 768px) 100vw, 768px\" \/><\/a>\n\t\t\t<\/div>\n\t\t\t\t<figcaption class='wp-caption-text gallery-caption' id='gallery-1-563'>\n\t\t\t\tCocina &#8211; comedor\n\t\t\t\t<\/figcaption><\/figure><figure class='gallery-item'>\n\t\t\t<div class='gallery-icon portrait'>\n\t\t\t\t<a data-elementor-open-lightbox=\"yes\" data-elementor-lightbox-slideshow=\"65805209\" data-elementor-lightbox-title=\"13\" e-action-hash=\"#elementor-action%3Aaction%3Dlightbox%26settings%3DeyJpZCI6NTY4LCJ1cmwiOiJodHRwczpcL1wvbWFuYW9lc3R1ZGlvLmNvbVwvd3AtY29udGVudFwvdXBsb2Fkc1wvMjAyNVwvMDdcLzEzLXNjYWxlZC5qcGciLCJzbGlkZXNob3ciOiI2NTgwNTIwOSJ9\" href='https:\/\/manaoestudio.com\/wp-content\/uploads\/2025\/07\/13-scaled.jpg'><img width=\"768\" height=\"1152\" src=\"https:\/\/manaoestudio.com\/wp-content\/uploads\/2025\/07\/13-768x1152.jpg\" class=\"attachment-medium_large size-medium_large\" alt=\"\" loading=\"lazy\" aria-describedby=\"gallery-1-568\" srcset=\"https:\/\/manaoestudio.com\/wp-content\/uploads\/2025\/07\/13-768x1152.jpg 768w, https:\/\/manaoestudio.com\/wp-content\/uploads\/2025\/07\/13-200x300.jpg 200w, https:\/\/manaoestudio.com\/wp-content\/uploads\/2025\/07\/13-683x1024.jpg 683w, https:\/\/manaoestudio.com\/wp-content\/uploads\/2025\/07\/13-1024x1536.jpg 1024w, https:\/\/manaoestudio.com\/wp-content\/uploads\/2025\/07\/13-1365x2048.jpg 1365w, https:\/\/manaoestudio.com\/wp-content\/uploads\/2025\/07\/13-scaled.jpg 1707w\" sizes=\"(max-width: 768px) 100vw, 768px\" \/><\/a>\n\t\t\t<\/div>\n\t\t\t\t<figcaption class='wp-caption-text gallery-caption' id='gallery-1-568'>\n\t\t\t\tHab.Principal\n\t\t\t\t<\/figcaption><\/figure><figure class='gallery-item'>\n\t\t\t<div class='gallery-icon portrait'>\n\t\t\t\t<a data-elementor-open-lightbox=\"yes\" data-elementor-lightbox-slideshow=\"65805209\" data-elementor-lightbox-title=\"14\" e-action-hash=\"#elementor-action%3Aaction%3Dlightbox%26settings%3DeyJpZCI6NTY5LCJ1cmwiOiJodHRwczpcL1wvbWFuYW9lc3R1ZGlvLmNvbVwvd3AtY29udGVudFwvdXBsb2Fkc1wvMjAyNVwvMDdcLzE0LXNjYWxlZC5qcGVnIiwic2xpZGVzaG93IjoiNjU4MDUyMDkifQ%3D%3D\" href='https:\/\/manaoestudio.com\/wp-content\/uploads\/2025\/07\/14-scaled.jpeg'><img width=\"768\" height=\"1024\" src=\"https:\/\/manaoestudio.com\/wp-content\/uploads\/2025\/07\/14-768x1024.jpeg\" class=\"attachment-medium_large size-medium_large\" alt=\"\" loading=\"lazy\" aria-describedby=\"gallery-1-569\" srcset=\"https:\/\/manaoestudio.com\/wp-content\/uploads\/2025\/07\/14-768x1024.jpeg 768w, https:\/\/manaoestudio.com\/wp-content\/uploads\/2025\/07\/14-225x300.jpeg 225w, https:\/\/manaoestudio.com\/wp-content\/uploads\/2025\/07\/14-1152x1536.jpeg 1152w, https:\/\/manaoestudio.com\/wp-content\/uploads\/2025\/07\/14-1536x2048.jpeg 1536w, https:\/\/manaoestudio.com\/wp-content\/uploads\/2025\/07\/14-scaled.jpeg 1920w\" sizes=\"(max-width: 768px) 100vw, 768px\" \/><\/a>\n\t\t\t<\/div>\n\t\t\t\t<figcaption class='wp-caption-text gallery-caption' id='gallery-1-569'>\n\t\t\t\tHab.Principal\n\t\t\t\t<\/figcaption><\/figure><figure class='gallery-item'>\n\t\t\t<div class='gallery-icon portrait'>\n\t\t\t\t<a data-elementor-open-lightbox=\"yes\" data-elementor-lightbox-slideshow=\"65805209\" data-elementor-lightbox-title=\"15\" e-action-hash=\"#elementor-action%3Aaction%3Dlightbox%26settings%3DeyJpZCI6NTcwLCJ1cmwiOiJodHRwczpcL1wvbWFuYW9lc3R1ZGlvLmNvbVwvd3AtY29udGVudFwvdXBsb2Fkc1wvMjAyNVwvMDdcLzE1LXNjYWxlZC5qcGVnIiwic2xpZGVzaG93IjoiNjU4MDUyMDkifQ%3D%3D\" href='https:\/\/manaoestudio.com\/wp-content\/uploads\/2025\/07\/15-scaled.jpeg'><img width=\"768\" height=\"1024\" src=\"https:\/\/manaoestudio.com\/wp-content\/uploads\/2025\/07\/15-768x1024.jpeg\" class=\"attachment-medium_large size-medium_large\" alt=\"\" loading=\"lazy\" aria-describedby=\"gallery-1-570\" srcset=\"https:\/\/manaoestudio.com\/wp-content\/uploads\/2025\/07\/15-768x1024.jpeg 768w, https:\/\/manaoestudio.com\/wp-content\/uploads\/2025\/07\/15-225x300.jpeg 225w, https:\/\/manaoestudio.com\/wp-content\/uploads\/2025\/07\/15-1152x1536.jpeg 1152w, https:\/\/manaoestudio.com\/wp-content\/uploads\/2025\/07\/15-1536x2048.jpeg 1536w, https:\/\/manaoestudio.com\/wp-content\/uploads\/2025\/07\/15-scaled.jpeg 1920w\" sizes=\"(max-width: 768px) 100vw, 768px\" \/><\/a>\n\t\t\t<\/div>\n\t\t\t\t<figcaption class='wp-caption-text gallery-caption' id='gallery-1-570'>\n\t\t\t\tHab.Principal\n\t\t\t\t<\/figcaption><\/figure>\n\t\t<\/div>\n\t\t<\/div>\n\t\t\t\t<\/div>\n\t\t\t\t<\/div>\n\t\t\t\t\t\t<\/div>\n\t\t\t\t\t<\/div>\n\t\t<\/div>\n\t\t\t\t\t\t\t\t<\/div>\n\t\t\t\t\t<\/div>\n\t\t<\/section>\n\t\t\t\t\t\t\t\t\t<\/div>\n\t\t\t<\/div>\n\t\t\t\t\t<\/div>\n\t\t","protected":false},"excerpt":{"rendered":"<p>OBRA K Esta reforma es una vivienda de 115m2 \u00fatiles. En este proyecto se trataba de modificar la distribuci\u00f3n de la vivienda, ya que se a\u00f1ad\u00edan tres habitaciones m\u00e1s.\u00a0 Con esta ampliaci\u00f3n permit\u00eda juntar la sala con el dormitorio principal, creando un espacio amplio y luminoso. La vivienda tiene dos ba\u00f1os completos, el m\u00e1s peque\u00f1o [&hellip;]<\/p>\n","protected":false},"author":2,"featured_media":554,"parent":0,"menu_order":0,"comment_status":"closed","ping_status":"closed","template":"","meta":[],"_links":{"self":[{"href":"https:\/\/manaoestudio.com\/index.php\/wp-json\/wp\/v2\/pages\/553"}],"collection":[{"href":"https:\/\/manaoestudio.com\/index.php\/wp-json\/wp\/v2\/pages"}],"about":[{"href":"https:\/\/manaoestudio.com\/index.php\/wp-json\/wp\/v2\/types\/page"}],"author":[{"embeddable":true,"href":"https:\/\/manaoestudio.com\/index.php\/wp-json\/wp\/v2\/users\/2"}],"replies":[{"embeddable":true,"href":"https:\/\/manaoestudio.com\/index.php\/wp-json\/wp\/v2\/comments?post=553"}],"version-history":[{"count":7,"href":"https:\/\/manaoestudio.com\/index.php\/wp-json\/wp\/v2\/pages\/553\/revisions"}],"predecessor-version":[{"id":590,"href":"https:\/\/manaoestudio.com\/index.php\/wp-json\/wp\/v2\/pages\/553\/revisions\/590"}],"wp:featuredmedia":[{"embeddable":true,"href":"https:\/\/manaoestudio.com\/index.php\/wp-json\/wp\/v2\/media\/554"}],"wp:attachment":[{"href":"https:\/\/manaoestudio.com\/index.php\/wp-json\/wp\/v2\/media?parent=553"}],"curies":[{"name":"wp","href":"https:\/\/api.w.org\/{rel}","templated":true}]}}