{"id":592,"date":"2025-08-08T14:27:50","date_gmt":"2025-08-08T12:27:50","guid":{"rendered":"http:\/\/manaoestudio.com\/?page_id=592"},"modified":"2025-08-08T14:34:07","modified_gmt":"2025-08-08T12:34:07","slug":"obra-sm","status":"publish","type":"page","link":"https:\/\/manaoestudio.com\/index.php\/obra-sm\/","title":{"rendered":"OBRA S&#038;M"},"content":{"rendered":"<h2>OBRA S&amp;M<\/h2>\n<p>Este proyecto consisti\u00f3 en una reforma integral de una vivienda de tres habitaciones, sala, cocina y ba\u00f1o, con una altura total de 3 metros. La vivienda, de estructura antigua, presentaba una distribuci\u00f3n muy compartimentada que no aprovechaba al m\u00e1ximo los espacios. El objetivo principal de los propietarios no solo era actualizar el ambiente, sino tambi\u00e9n abrir y unificar ciertos espacios para ofrecer un hogar m\u00e1s amplio y funcional.<\/p>\n<p>La habitaci\u00f3n que se encontraba frente a la cocina se transform\u00f3 en el comedor. Para conseguir una integraci\u00f3n fluida, se derrib\u00f3 el tabique que separaba la cocina, lo que permiti\u00f3 unificar estos dos ambientes.<\/p>\n<p>Dado que el ba\u00f1o original era muy peque\u00f1o, se aprovech\u00f3 el espacio de la cocina, reduciendo su tama\u00f1o, para ceder m\u00e1s metros al ba\u00f1o y hacer de este un lugar m\u00e1s c\u00f3modo.<\/p>\n<p>C\u00f3mo se trataba de una vivienda muy antigua, se realiz\u00f3 una inspecci\u00f3n exhaustiva de la estructura, derribando los techos para verificar que no presentara da\u00f1os. Tras asegurar que la estructura estaba en buen estado, se procedi\u00f3 a renovar todas las instalaciones el\u00e9ctricas, de fontaner\u00eda y calefacci\u00f3n. El techo se baj\u00f3 lo justo, manteniendo una altura de 2.80 metros en la mayor\u00eda de la casa, y se aplicaron sistemas de aislamiento para mejorar la eficiencia energ\u00e9tica.<\/p>\n<p>Uno de los aspectos m\u00e1s importantes de esta reforma fue la conservaci\u00f3n de los materiales originales de la vivienda. Se recuper\u00f3 la madera de pinotea para el suelo, creando un nuevo acabado con un toque de historia que aporta car\u00e1cter y calidez al espacio.<\/p>\n<p>Todos los elementos de carpinter\u00eda se pintaron en blanco, lo que aporta luminosidad y modernidad.<br \/>\nLas paredes se pintaron en tonos claros, similar al color del mueble alto de la cocina, mientras que la sala se destac\u00f3 con un tono verde en las paredes y el techo, creando un ambiente relajante y acogedor. Para darle un toque especial al cuarto principal, la pared del cabecero se decor\u00f3 con un papel pintado que a\u00f1ade una textura diferente y elegante al espacio.<\/p>\n<p>Este tipo de reforma no solo ha transformado la vivienda en un lugar m\u00e1s c\u00f3modo y moderno, sino que tambi\u00e9n ha logrado respetar su historia y conservar los elementos que la hacen \u00fanica.<\/p>\n<figure class=\"gallery-item\">\n\t\t\t\t<a data-elementor-open-lightbox=\"yes\" data-elementor-lightbox-slideshow=\"c2f727e\" data-elementor-lightbox-title=\"1\" e-action-hash=\"#elementor-action%3Aaction%3Dlightbox%26settings%3DeyJpZCI6NTk0LCJ1cmwiOiJodHRwOlwvXC9tYW5hb2VzdHVkaW8uY29tXC93cC1jb250ZW50XC91cGxvYWRzXC8yMDI1XC8wOFwvMS1zY2FsZWQuanBnIiwic2xpZGVzaG93IjoiYzJmNzI3ZSJ9\" href=\"http:\/\/manaoestudio.com\/wp-content\/uploads\/2025\/08\/1-scaled.jpg\"><img width=\"768\" height=\"1152\" src=\"http:\/\/manaoestudio.com\/wp-content\/uploads\/2025\/08\/1-768x1152.jpg\" alt=\"\" loading=\"lazy\" srcset=\"http:\/\/manaoestudio.com\/wp-content\/uploads\/2025\/08\/1-768x1152.jpg 768w, http:\/\/manaoestudio.com\/wp-content\/uploads\/2025\/08\/1-200x300.jpg 200w, http:\/\/manaoestudio.com\/wp-content\/uploads\/2025\/08\/1-683x1024.jpg 683w, http:\/\/manaoestudio.com\/wp-content\/uploads\/2025\/08\/1-1024x1536.jpg 1024w, http:\/\/manaoestudio.com\/wp-content\/uploads\/2025\/08\/1-1365x2048.jpg 1365w, http:\/\/manaoestudio.com\/wp-content\/uploads\/2025\/08\/1-scaled.jpg 1707w\" sizes=\"(max-width: 768px) 100vw, 768px\"><\/a><\/figure>\n<figure class=\"gallery-item\">\n\t\t\t\t<a data-elementor-open-lightbox=\"yes\" data-elementor-lightbox-slideshow=\"c2f727e\" data-elementor-lightbox-title=\"2\" e-action-hash=\"#elementor-action%3Aaction%3Dlightbox%26settings%3DeyJpZCI6NTk1LCJ1cmwiOiJodHRwOlwvXC9tYW5hb2VzdHVkaW8uY29tXC93cC1jb250ZW50XC91cGxvYWRzXC8yMDI1XC8wOFwvMi1zY2FsZWQuanBnIiwic2xpZGVzaG93IjoiYzJmNzI3ZSJ9\" href=\"http:\/\/manaoestudio.com\/wp-content\/uploads\/2025\/08\/2-scaled.jpg\"><img width=\"768\" height=\"1152\" src=\"http:\/\/manaoestudio.com\/wp-content\/uploads\/2025\/08\/2-768x1152.jpg\" alt=\"\" loading=\"lazy\" srcset=\"http:\/\/manaoestudio.com\/wp-content\/uploads\/2025\/08\/2-768x1152.jpg 768w, http:\/\/manaoestudio.com\/wp-content\/uploads\/2025\/08\/2-200x300.jpg 200w, http:\/\/manaoestudio.com\/wp-content\/uploads\/2025\/08\/2-683x1024.jpg 683w, http:\/\/manaoestudio.com\/wp-content\/uploads\/2025\/08\/2-1024x1536.jpg 1024w, http:\/\/manaoestudio.com\/wp-content\/uploads\/2025\/08\/2-1365x2048.jpg 1365w, http:\/\/manaoestudio.com\/wp-content\/uploads\/2025\/08\/2-scaled.jpg 1707w\" sizes=\"(max-width: 768px) 100vw, 768px\"><\/a><\/figure>\n<figure class=\"gallery-item\">\n\t\t\t\t<a data-elementor-open-lightbox=\"yes\" data-elementor-lightbox-slideshow=\"c2f727e\" data-elementor-lightbox-title=\"3\" e-action-hash=\"#elementor-action%3Aaction%3Dlightbox%26settings%3DeyJpZCI6NTk2LCJ1cmwiOiJodHRwOlwvXC9tYW5hb2VzdHVkaW8uY29tXC93cC1jb250ZW50XC91cGxvYWRzXC8yMDI1XC8wOFwvMy1zY2FsZWQuanBnIiwic2xpZGVzaG93IjoiYzJmNzI3ZSJ9\" href=\"http:\/\/manaoestudio.com\/wp-content\/uploads\/2025\/08\/3-scaled.jpg\"><img width=\"768\" height=\"1152\" src=\"http:\/\/manaoestudio.com\/wp-content\/uploads\/2025\/08\/3-768x1152.jpg\" alt=\"\" loading=\"lazy\" srcset=\"http:\/\/manaoestudio.com\/wp-content\/uploads\/2025\/08\/3-768x1152.jpg 768w, http:\/\/manaoestudio.com\/wp-content\/uploads\/2025\/08\/3-200x300.jpg 200w, http:\/\/manaoestudio.com\/wp-content\/uploads\/2025\/08\/3-683x1024.jpg 683w, http:\/\/manaoestudio.com\/wp-content\/uploads\/2025\/08\/3-1024x1536.jpg 1024w, http:\/\/manaoestudio.com\/wp-content\/uploads\/2025\/08\/3-1365x2048.jpg 1365w, http:\/\/manaoestudio.com\/wp-content\/uploads\/2025\/08\/3-scaled.jpg 1707w\" sizes=\"(max-width: 768px) 100vw, 768px\"><\/a><\/figure>\n<figure class=\"gallery-item\">\n\t\t\t\t<a data-elementor-open-lightbox=\"yes\" data-elementor-lightbox-slideshow=\"c2f727e\" data-elementor-lightbox-title=\"4\" e-action-hash=\"#elementor-action%3Aaction%3Dlightbox%26settings%3DeyJpZCI6NTk3LCJ1cmwiOiJodHRwOlwvXC9tYW5hb2VzdHVkaW8uY29tXC93cC1jb250ZW50XC91cGxvYWRzXC8yMDI1XC8wOFwvNC1zY2FsZWQuanBnIiwic2xpZGVzaG93IjoiYzJmNzI3ZSJ9\" href=\"http:\/\/manaoestudio.com\/wp-content\/uploads\/2025\/08\/4-scaled.jpg\"><img width=\"768\" height=\"1152\" src=\"http:\/\/manaoestudio.com\/wp-content\/uploads\/2025\/08\/4-768x1152.jpg\" alt=\"\" loading=\"lazy\" srcset=\"http:\/\/manaoestudio.com\/wp-content\/uploads\/2025\/08\/4-768x1152.jpg 768w, http:\/\/manaoestudio.com\/wp-content\/uploads\/2025\/08\/4-200x300.jpg 200w, http:\/\/manaoestudio.com\/wp-content\/uploads\/2025\/08\/4-683x1024.jpg 683w, http:\/\/manaoestudio.com\/wp-content\/uploads\/2025\/08\/4-1024x1536.jpg 1024w, http:\/\/manaoestudio.com\/wp-content\/uploads\/2025\/08\/4-1365x2048.jpg 1365w, http:\/\/manaoestudio.com\/wp-content\/uploads\/2025\/08\/4-scaled.jpg 1707w\" sizes=\"(max-width: 768px) 100vw, 768px\"><\/a><\/figure>\n<figure class=\"gallery-item\">\n\t\t\t\t<a data-elementor-open-lightbox=\"yes\" data-elementor-lightbox-slideshow=\"c2f727e\" data-elementor-lightbox-title=\"5\" e-action-hash=\"#elementor-action%3Aaction%3Dlightbox%26settings%3DeyJpZCI6NTk4LCJ1cmwiOiJodHRwOlwvXC9tYW5hb2VzdHVkaW8uY29tXC93cC1jb250ZW50XC91cGxvYWRzXC8yMDI1XC8wOFwvNS1zY2FsZWQuanBnIiwic2xpZGVzaG93IjoiYzJmNzI3ZSJ9\" href=\"http:\/\/manaoestudio.com\/wp-content\/uploads\/2025\/08\/5-scaled.jpg\"><img width=\"768\" height=\"1152\" src=\"http:\/\/manaoestudio.com\/wp-content\/uploads\/2025\/08\/5-768x1152.jpg\" alt=\"\" loading=\"lazy\" srcset=\"http:\/\/manaoestudio.com\/wp-content\/uploads\/2025\/08\/5-768x1152.jpg 768w, http:\/\/manaoestudio.com\/wp-content\/uploads\/2025\/08\/5-200x300.jpg 200w, http:\/\/manaoestudio.com\/wp-content\/uploads\/2025\/08\/5-683x1024.jpg 683w, http:\/\/manaoestudio.com\/wp-content\/uploads\/2025\/08\/5-1024x1536.jpg 1024w, http:\/\/manaoestudio.com\/wp-content\/uploads\/2025\/08\/5-1365x2048.jpg 1365w, http:\/\/manaoestudio.com\/wp-content\/uploads\/2025\/08\/5-scaled.jpg 1707w\" sizes=\"(max-width: 768px) 100vw, 768px\"><\/a><\/figure>\n<figure class=\"gallery-item\">\n\t\t\t\t<a data-elementor-open-lightbox=\"yes\" data-elementor-lightbox-slideshow=\"c2f727e\" data-elementor-lightbox-title=\"7\" e-action-hash=\"#elementor-action%3Aaction%3Dlightbox%26settings%3DeyJpZCI6NjAwLCJ1cmwiOiJodHRwOlwvXC9tYW5hb2VzdHVkaW8uY29tXC93cC1jb250ZW50XC91cGxvYWRzXC8yMDI1XC8wOFwvNy1zY2FsZWQuanBnIiwic2xpZGVzaG93IjoiYzJmNzI3ZSJ9\" href=\"http:\/\/manaoestudio.com\/wp-content\/uploads\/2025\/08\/7-scaled.jpg\"><img width=\"768\" height=\"1152\" src=\"http:\/\/manaoestudio.com\/wp-content\/uploads\/2025\/08\/7-768x1152.jpg\" alt=\"\" loading=\"lazy\" srcset=\"http:\/\/manaoestudio.com\/wp-content\/uploads\/2025\/08\/7-768x1152.jpg 768w, http:\/\/manaoestudio.com\/wp-content\/uploads\/2025\/08\/7-200x300.jpg 200w, http:\/\/manaoestudio.com\/wp-content\/uploads\/2025\/08\/7-683x1024.jpg 683w, http:\/\/manaoestudio.com\/wp-content\/uploads\/2025\/08\/7-1024x1536.jpg 1024w, http:\/\/manaoestudio.com\/wp-content\/uploads\/2025\/08\/7-1365x2048.jpg 1365w, http:\/\/manaoestudio.com\/wp-content\/uploads\/2025\/08\/7-scaled.jpg 1707w\" sizes=\"(max-width: 768px) 100vw, 768px\"><\/a><\/figure>\n<figure class=\"gallery-item\">\n\t\t\t\t<a data-elementor-open-lightbox=\"yes\" data-elementor-lightbox-slideshow=\"c2f727e\" data-elementor-lightbox-title=\"6\" e-action-hash=\"#elementor-action%3Aaction%3Dlightbox%26settings%3DeyJpZCI6NTk5LCJ1cmwiOiJodHRwOlwvXC9tYW5hb2VzdHVkaW8uY29tXC93cC1jb250ZW50XC91cGxvYWRzXC8yMDI1XC8wOFwvNi1zY2FsZWQuanBnIiwic2xpZGVzaG93IjoiYzJmNzI3ZSJ9\" href=\"http:\/\/manaoestudio.com\/wp-content\/uploads\/2025\/08\/6-scaled.jpg\"><img width=\"768\" height=\"512\" src=\"http:\/\/manaoestudio.com\/wp-content\/uploads\/2025\/08\/6-768x512.jpg\" alt=\"\" loading=\"lazy\" srcset=\"http:\/\/manaoestudio.com\/wp-content\/uploads\/2025\/08\/6-768x512.jpg 768w, http:\/\/manaoestudio.com\/wp-content\/uploads\/2025\/08\/6-300x200.jpg 300w, http:\/\/manaoestudio.com\/wp-content\/uploads\/2025\/08\/6-1024x683.jpg 1024w, http:\/\/manaoestudio.com\/wp-content\/uploads\/2025\/08\/6-1536x1024.jpg 1536w, http:\/\/manaoestudio.com\/wp-content\/uploads\/2025\/08\/6-2048x1365.jpg 2048w\" sizes=\"(max-width: 768px) 100vw, 768px\"><\/a><\/figure>\n<figure class=\"gallery-item\">\n\t\t\t\t<a data-elementor-open-lightbox=\"yes\" data-elementor-lightbox-slideshow=\"c2f727e\" data-elementor-lightbox-title=\"8\" e-action-hash=\"#elementor-action%3Aaction%3Dlightbox%26settings%3DeyJpZCI6NjAxLCJ1cmwiOiJodHRwOlwvXC9tYW5hb2VzdHVkaW8uY29tXC93cC1jb250ZW50XC91cGxvYWRzXC8yMDI1XC8wOFwvOC1zY2FsZWQuanBnIiwic2xpZGVzaG93IjoiYzJmNzI3ZSJ9\" href=\"http:\/\/manaoestudio.com\/wp-content\/uploads\/2025\/08\/8-scaled.jpg\"><img width=\"768\" height=\"512\" src=\"http:\/\/manaoestudio.com\/wp-content\/uploads\/2025\/08\/8-768x512.jpg\" alt=\"\" loading=\"lazy\" srcset=\"http:\/\/manaoestudio.com\/wp-content\/uploads\/2025\/08\/8-768x512.jpg 768w, http:\/\/manaoestudio.com\/wp-content\/uploads\/2025\/08\/8-300x200.jpg 300w, http:\/\/manaoestudio.com\/wp-content\/uploads\/2025\/08\/8-1024x683.jpg 1024w, http:\/\/manaoestudio.com\/wp-content\/uploads\/2025\/08\/8-1536x1024.jpg 1536w, http:\/\/manaoestudio.com\/wp-content\/uploads\/2025\/08\/8-2048x1365.jpg 2048w\" sizes=\"(max-width: 768px) 100vw, 768px\"><\/a><\/figure>\n<figure class=\"gallery-item\">\n\t\t\t\t<a data-elementor-open-lightbox=\"yes\" data-elementor-lightbox-slideshow=\"c2f727e\" data-elementor-lightbox-title=\"9\" e-action-hash=\"#elementor-action%3Aaction%3Dlightbox%26settings%3DeyJpZCI6NjAyLCJ1cmwiOiJodHRwOlwvXC9tYW5hb2VzdHVkaW8uY29tXC93cC1jb250ZW50XC91cGxvYWRzXC8yMDI1XC8wOFwvOS1zY2FsZWQuanBnIiwic2xpZGVzaG93IjoiYzJmNzI3ZSJ9\" href=\"http:\/\/manaoestudio.com\/wp-content\/uploads\/2025\/08\/9-scaled.jpg\"><img width=\"768\" height=\"512\" src=\"http:\/\/manaoestudio.com\/wp-content\/uploads\/2025\/08\/9-768x512.jpg\" alt=\"\" loading=\"lazy\" srcset=\"http:\/\/manaoestudio.com\/wp-content\/uploads\/2025\/08\/9-768x512.jpg 768w, http:\/\/manaoestudio.com\/wp-content\/uploads\/2025\/08\/9-300x200.jpg 300w, http:\/\/manaoestudio.com\/wp-content\/uploads\/2025\/08\/9-1024x683.jpg 1024w, http:\/\/manaoestudio.com\/wp-content\/uploads\/2025\/08\/9-1536x1024.jpg 1536w, http:\/\/manaoestudio.com\/wp-content\/uploads\/2025\/08\/9-2048x1365.jpg 2048w\" sizes=\"(max-width: 768px) 100vw, 768px\"><\/a><\/figure>\n<figure class=\"gallery-item\">\n\t\t\t\t<a data-elementor-open-lightbox=\"yes\" data-elementor-lightbox-slideshow=\"c2f727e\" data-elementor-lightbox-title=\"10\" e-action-hash=\"#elementor-action%3Aaction%3Dlightbox%26settings%3DeyJpZCI6NjAzLCJ1cmwiOiJodHRwOlwvXC9tYW5hb2VzdHVkaW8uY29tXC93cC1jb250ZW50XC91cGxvYWRzXC8yMDI1XC8wOFwvMTAuanBnIiwic2xpZGVzaG93IjoiYzJmNzI3ZSJ9\" href=\"http:\/\/manaoestudio.com\/wp-content\/uploads\/2025\/08\/10.jpg\"><img width=\"768\" height=\"1152\" src=\"http:\/\/manaoestudio.com\/wp-content\/uploads\/2025\/08\/10-768x1152.jpg\" alt=\"\" loading=\"lazy\" srcset=\"http:\/\/manaoestudio.com\/wp-content\/uploads\/2025\/08\/10-768x1152.jpg 768w, http:\/\/manaoestudio.com\/wp-content\/uploads\/2025\/08\/10-200x300.jpg 200w, http:\/\/manaoestudio.com\/wp-content\/uploads\/2025\/08\/10-683x1024.jpg 683w, http:\/\/manaoestudio.com\/wp-content\/uploads\/2025\/08\/10-1024x1536.jpg 1024w, http:\/\/manaoestudio.com\/wp-content\/uploads\/2025\/08\/10-1366x2048.jpg 1366w, http:\/\/manaoestudio.com\/wp-content\/uploads\/2025\/08\/10.jpg 1653w\" sizes=\"(max-width: 768px) 100vw, 768px\"><\/a><\/figure>\n<figure class=\"gallery-item\">\n\t\t\t\t<a data-elementor-open-lightbox=\"yes\" data-elementor-lightbox-slideshow=\"c2f727e\" data-elementor-lightbox-title=\"14\" e-action-hash=\"#elementor-action%3Aaction%3Dlightbox%26settings%3DeyJpZCI6NjA3LCJ1cmwiOiJodHRwOlwvXC9tYW5hb2VzdHVkaW8uY29tXC93cC1jb250ZW50XC91cGxvYWRzXC8yMDI1XC8wOFwvMTQtc2NhbGVkLmpwZyIsInNsaWRlc2hvdyI6ImMyZjcyN2UifQ%3D%3D\" href=\"http:\/\/manaoestudio.com\/wp-content\/uploads\/2025\/08\/14-scaled.jpg\"><img width=\"768\" height=\"1152\" src=\"http:\/\/manaoestudio.com\/wp-content\/uploads\/2025\/08\/14-768x1152.jpg\" alt=\"\" loading=\"lazy\" srcset=\"http:\/\/manaoestudio.com\/wp-content\/uploads\/2025\/08\/14-768x1152.jpg 768w, http:\/\/manaoestudio.com\/wp-content\/uploads\/2025\/08\/14-200x300.jpg 200w, http:\/\/manaoestudio.com\/wp-content\/uploads\/2025\/08\/14-683x1024.jpg 683w, http:\/\/manaoestudio.com\/wp-content\/uploads\/2025\/08\/14-1024x1536.jpg 1024w, http:\/\/manaoestudio.com\/wp-content\/uploads\/2025\/08\/14-1365x2048.jpg 1365w, http:\/\/manaoestudio.com\/wp-content\/uploads\/2025\/08\/14-scaled.jpg 1707w\" sizes=\"(max-width: 768px) 100vw, 768px\"><\/a><\/figure>\n<figure class=\"gallery-item\">\n\t\t\t\t<a data-elementor-open-lightbox=\"yes\" data-elementor-lightbox-slideshow=\"c2f727e\" data-elementor-lightbox-title=\"11\" e-action-hash=\"#elementor-action%3Aaction%3Dlightbox%26settings%3DeyJpZCI6NjA0LCJ1cmwiOiJodHRwOlwvXC9tYW5hb2VzdHVkaW8uY29tXC93cC1jb250ZW50XC91cGxvYWRzXC8yMDI1XC8wOFwvMTEtc2NhbGVkLmpwZyIsInNsaWRlc2hvdyI6ImMyZjcyN2UifQ%3D%3D\" href=\"http:\/\/manaoestudio.com\/wp-content\/uploads\/2025\/08\/11-scaled.jpg\"><img width=\"768\" height=\"1152\" src=\"http:\/\/manaoestudio.com\/wp-content\/uploads\/2025\/08\/11-768x1152.jpg\" alt=\"\" loading=\"lazy\" srcset=\"http:\/\/manaoestudio.com\/wp-content\/uploads\/2025\/08\/11-768x1152.jpg 768w, http:\/\/manaoestudio.com\/wp-content\/uploads\/2025\/08\/11-200x300.jpg 200w, http:\/\/manaoestudio.com\/wp-content\/uploads\/2025\/08\/11-683x1024.jpg 683w, http:\/\/manaoestudio.com\/wp-content\/uploads\/2025\/08\/11-1024x1536.jpg 1024w, http:\/\/manaoestudio.com\/wp-content\/uploads\/2025\/08\/11-1365x2048.jpg 1365w, http:\/\/manaoestudio.com\/wp-content\/uploads\/2025\/08\/11-scaled.jpg 1707w\" sizes=\"(max-width: 768px) 100vw, 768px\"><\/a><\/figure>\n<figure class=\"gallery-item\">\n\t\t\t\t<a data-elementor-open-lightbox=\"yes\" data-elementor-lightbox-slideshow=\"c2f727e\" data-elementor-lightbox-title=\"12\" e-action-hash=\"#elementor-action%3Aaction%3Dlightbox%26settings%3DeyJpZCI6NjA1LCJ1cmwiOiJodHRwOlwvXC9tYW5hb2VzdHVkaW8uY29tXC93cC1jb250ZW50XC91cGxvYWRzXC8yMDI1XC8wOFwvMTItc2NhbGVkLmpwZyIsInNsaWRlc2hvdyI6ImMyZjcyN2UifQ%3D%3D\" href=\"http:\/\/manaoestudio.com\/wp-content\/uploads\/2025\/08\/12-scaled.jpg\"><img width=\"768\" height=\"512\" src=\"http:\/\/manaoestudio.com\/wp-content\/uploads\/2025\/08\/12-768x512.jpg\" alt=\"\" loading=\"lazy\" srcset=\"http:\/\/manaoestudio.com\/wp-content\/uploads\/2025\/08\/12-768x512.jpg 768w, http:\/\/manaoestudio.com\/wp-content\/uploads\/2025\/08\/12-300x200.jpg 300w, http:\/\/manaoestudio.com\/wp-content\/uploads\/2025\/08\/12-1024x683.jpg 1024w, http:\/\/manaoestudio.com\/wp-content\/uploads\/2025\/08\/12-1536x1024.jpg 1536w, http:\/\/manaoestudio.com\/wp-content\/uploads\/2025\/08\/12-2048x1365.jpg 2048w\" sizes=\"(max-width: 768px) 100vw, 768px\"><\/a><\/figure>\n<figure class=\"gallery-item\">\n\t\t\t\t<a data-elementor-open-lightbox=\"yes\" data-elementor-lightbox-slideshow=\"c2f727e\" data-elementor-lightbox-title=\"13\" e-action-hash=\"#elementor-action%3Aaction%3Dlightbox%26settings%3DeyJpZCI6NjA2LCJ1cmwiOiJodHRwOlwvXC9tYW5hb2VzdHVkaW8uY29tXC93cC1jb250ZW50XC91cGxvYWRzXC8yMDI1XC8wOFwvMTMtc2NhbGVkLmpwZyIsInNsaWRlc2hvdyI6ImMyZjcyN2UifQ%3D%3D\" href=\"http:\/\/manaoestudio.com\/wp-content\/uploads\/2025\/08\/13-scaled.jpg\"><img width=\"768\" height=\"512\" src=\"http:\/\/manaoestudio.com\/wp-content\/uploads\/2025\/08\/13-768x512.jpg\" alt=\"\" loading=\"lazy\" srcset=\"http:\/\/manaoestudio.com\/wp-content\/uploads\/2025\/08\/13-768x512.jpg 768w, http:\/\/manaoestudio.com\/wp-content\/uploads\/2025\/08\/13-300x200.jpg 300w, http:\/\/manaoestudio.com\/wp-content\/uploads\/2025\/08\/13-1024x683.jpg 1024w, http:\/\/manaoestudio.com\/wp-content\/uploads\/2025\/08\/13-1536x1024.jpg 1536w, http:\/\/manaoestudio.com\/wp-content\/uploads\/2025\/08\/13-2048x1365.jpg 2048w\" sizes=\"(max-width: 768px) 100vw, 768px\"><\/a><\/figure>\n","protected":false},"excerpt":{"rendered":"<p>OBRA S&amp;M Este proyecto consisti\u00f3 en una reforma integral de una vivienda de tres habitaciones, sala, cocina y ba\u00f1o, con una altura total de 3 metros. La vivienda, de estructura antigua, presentaba una distribuci\u00f3n muy compartimentada que no aprovechaba al m\u00e1ximo los espacios. El objetivo principal de los propietarios no solo era actualizar el ambiente, [&hellip;]<\/p>\n","protected":false},"author":2,"featured_media":615,"parent":0,"menu_order":0,"comment_status":"closed","ping_status":"closed","template":"","meta":[],"_links":{"self":[{"href":"https:\/\/manaoestudio.com\/index.php\/wp-json\/wp\/v2\/pages\/592"}],"collection":[{"href":"https:\/\/manaoestudio.com\/index.php\/wp-json\/wp\/v2\/pages"}],"about":[{"href":"https:\/\/manaoestudio.com\/index.php\/wp-json\/wp\/v2\/types\/page"}],"author":[{"embeddable":true,"href":"https:\/\/manaoestudio.com\/index.php\/wp-json\/wp\/v2\/users\/2"}],"replies":[{"embeddable":true,"href":"https:\/\/manaoestudio.com\/index.php\/wp-json\/wp\/v2\/comments?post=592"}],"version-history":[{"count":3,"href":"https:\/\/manaoestudio.com\/index.php\/wp-json\/wp\/v2\/pages\/592\/revisions"}],"predecessor-version":[{"id":610,"href":"https:\/\/manaoestudio.com\/index.php\/wp-json\/wp\/v2\/pages\/592\/revisions\/610"}],"wp:featuredmedia":[{"embeddable":true,"href":"https:\/\/manaoestudio.com\/index.php\/wp-json\/wp\/v2\/media\/615"}],"wp:attachment":[{"href":"https:\/\/manaoestudio.com\/index.php\/wp-json\/wp\/v2\/media?parent=592"}],"curies":[{"name":"wp","href":"https:\/\/api.w.org\/{rel}","templated":true}]}}